{"id":2205,"date":"2023-03-14T15:12:35","date_gmt":"2023-03-14T18:12:35","guid":{"rendered":"https:\/\/cjselecta.com.br\/unidades-de-negocios\/produtos-cj\/x-soy\/"},"modified":"2023-04-03T17:23:27","modified_gmt":"2023-04-03T20:23:27","slug":"x-soy","status":"publish","type":"page","link":"https:\/\/cjselecta.com.br\/en\/unidades-de-negocios\/produtos-cj\/x-soy\/","title":{"rendered":"X-SOY"},"content":{"rendered":"\n<div style=\"height:50px\" aria-hidden=\"true\" class=\"wp-block-spacer\"><\/div>\n\n\n\n<div class=\"wp-block-columns reverse-on-mobile is-layout-flex wp-container-core-columns-is-layout-9d6595d7 wp-block-columns-is-layout-flex\">\n<div class=\"wp-block-column is-layout-flow wp-block-column-is-layout-flow\"><div class=\"wp-block-image\">\n<figure class=\"aligncenter size-full\"><img fetchpriority=\"high\" decoding=\"async\" width=\"600\" height=\"338\" src=\"https:\/\/cjselecta.com.br\/wp-content\/uploads\/2023\/03\/spc.jpeg\" alt=\"\" class=\"wp-image-1167\" srcset=\"https:\/\/cjselecta.com.br\/wp-content\/uploads\/2023\/03\/spc.jpeg 600w, https:\/\/cjselecta.com.br\/wp-content\/uploads\/2023\/03\/spc-500x282.jpeg 500w, https:\/\/cjselecta.com.br\/wp-content\/uploads\/2023\/03\/spc-150x85.jpeg 150w\" sizes=\"(max-width: 600px) 100vw, 600px\" \/><\/figure>\n<\/div>\n\n\n<div style=\"height:20px\" aria-hidden=\"true\" class=\"wp-block-spacer\"><\/div>\n\n\n\n<div class=\"wp-block-stackable-button-group stk-block-button-group stk-block stk-53b8099 mx-auto max-w-[300px]\" data-block-id=\"53b8099\"><div class=\"stk-row stk-inner-blocks has-text-align-center stk-block-content stk-button-group\">\n<div class=\"wp-block-stackable-button stk-block-button has-text-align-center stk-block stk-0eef04c\" data-block-id=\"0eef04c\"><style>.stk-0eef04c,.stk-0eef04c .stk-button{width:100% !important}.stk-0eef04c{flex:1 1 0 !important}.stk-0eef04c .stk-button{background:#5d665b !important}.stk-0eef04c .stk-button:hover:after{background:#141414 !important;opacity:1 !important}<\/style><a class=\"stk-link stk-button stk--hover-effect-darken\" href=\"https:\/\/cjselecta.com.br\/en\/unidades-de-negocios\/produtos-cj\/x-soy\/nutricao-de-animais-jovens\/\" rel=\"noreferrer noopener\"><span class=\"stk-button__inner-text\"><strong>Solutions for Young Animal Nutrition<\/strong><\/span><\/a><\/div>\n<\/div><\/div>\n\n\n\n<div class=\"wp-block-stackable-button-group stk-block-button-group stk-block stk-1443891 mx-auto max-w-[300px]\" data-block-id=\"1443891\"><div class=\"stk-row stk-inner-blocks has-text-align-center stk-block-content stk-button-group\">\n<div class=\"wp-block-stackable-button stk-block-button has-text-align-center stk-block stk-c98ff75\" data-block-id=\"c98ff75\"><style>.stk-c98ff75,.stk-c98ff75 .stk-button{width:100% !important}.stk-c98ff75{flex:1 1 0 !important}.stk-c98ff75 .stk-button{background:#5d665b !important}.stk-c98ff75 .stk-button:hover:after{background:#141414 !important;opacity:1 !important}<\/style><a class=\"stk-link stk-button stk--hover-effect-darken\" href=\"https:\/\/cjselecta.com.br\/en\/unidades-de-negocios\/produtos-cj\/x-soy\/nutricao-para-a-aquacultura\/\" rel=\"noreferrer noopener\"><span class=\"stk-button__inner-text\"><strong>Solutions for Aquaculture<\/strong><\/span><\/a><\/div>\n<\/div><\/div>\n\n\n\n<div class=\"wp-block-stackable-button-group stk-block-button-group stk-block stk-58ae452 mx-auto max-w-[300px]\" data-block-id=\"58ae452\"><div class=\"stk-row stk-inner-blocks has-text-align-center stk-block-content stk-button-group\">\n<div class=\"wp-block-stackable-button stk-block-button has-text-align-center stk-block stk-e20aad8\" data-block-id=\"e20aad8\"><style>.stk-e20aad8,.stk-e20aad8 .stk-button{width:100% !important}.stk-e20aad8{flex:1 1 0 !important}.stk-e20aad8 .stk-button{background:#5d665b !important}.stk-e20aad8 .stk-button:hover:after{background:#141414 !important;opacity:1 !important}<\/style><a class=\"stk-link stk-button stk--hover-effect-darken\" href=\"https:\/\/cjselecta.com.br\/en\/unidades-de-negocios\/produtos-cj\/x-soy\/outras-aplicacoes\/\" rel=\"noreferrer noopener\"><span class=\"stk-button__inner-text\"><strong>Other Applications<\/strong><\/span><\/a><\/div>\n<\/div><\/div>\n<\/div>\n\n\n\n<div class=\"wp-block-column is-layout-flow wp-block-column-is-layout-flow\">\n<h2 class=\"wp-block-heading has-large-font-size\" style=\"font-style:normal;font-weight:700\">Soy protein concentrate (SPC)<\/h2>\n\n\n\n<p>CJ Selecta SPC is the highest quality soy protein concentrate available on the market.<\/p>\n\n\n\n<p>In the SPC manufacturing process occurs:<\/p>\n\n\n\n<ul class=\"wp-block-list\">\n<li>Removal of anti-nutritional factors from soy;<\/li>\n\n\n\n<li>Increased protein content (over 60%);<\/li>\n\n\n\n<li>Significant improvement in protein digestibility at levels above 90%.<\/li>\n<\/ul>\n\n\n\n<p>Due to these main characteristics, SPC is recognized as the best vegetable protein to replace fishmeal in aquaculture diets.<\/p>\n\n\n\n<p>SPC is widely used in the feeding of young animals (such as piglets, chicks and Pets), as well as in the formulation of feed for other species and categories of domestic animals.<\/p>\n\n\n\n<div style=\"height:10px\" aria-hidden=\"true\" class=\"wp-block-spacer\"><\/div>\n\n\n\n<h2 class=\"wp-block-heading has-large-font-size\" style=\"font-style:normal;font-weight:700\">Advantages of SPC<\/h2>\n\n\n\n<ul class=\"wp-block-list\">\n<li>High protein content<\/li>\n\n\n\n<li>High digestibility<\/li>\n\n\n\n<li>Better intestinal integrity<\/li>\n\n\n\n<li>Positive impact on intestinal microbiota<\/li>\n\n\n\n<li>Improvement in animal performance<\/li>\n\n\n\n<li>Low ash ratio: Crude protein<\/li>\n\n\n\n<li>High standard of uniformity<\/li>\n\n\n\n<li>Availability and offer guarantee<\/li>\n\n\n\n<li>Renewable resource with expansion capacity<\/li>\n\n\n\n<li>Replaces fishmeal in aquaculture diets<\/li>\n\n\n\n<li>Low price variation<\/li>\n\n\n\n<li>100% safe in the presence of heavy metals, mycotoxins, salmonella<\/li>\n\n\n\n<li>Environmentally friendly<\/li>\n<\/ul>\n<\/div>\n<\/div>\n\n\n\n<div class=\"wp-block-columns is-layout-flex wp-container-core-columns-is-layout-9d6595d7 wp-block-columns-is-layout-flex\">\n<div class=\"wp-block-column is-layout-flow wp-block-column-is-layout-flow\"><div class=\"wp-block-image\">\n<figure class=\"aligncenter size-full\"><img decoding=\"async\" width=\"600\" height=\"338\" src=\"https:\/\/cjselecta.com.br\/wp-content\/uploads\/2023\/03\/produtos-x-soy.jpeg\" alt=\"\" class=\"wp-image-725\" srcset=\"https:\/\/cjselecta.com.br\/wp-content\/uploads\/2023\/03\/produtos-x-soy.jpeg 600w, https:\/\/cjselecta.com.br\/wp-content\/uploads\/2023\/03\/produtos-x-soy-500x282.jpeg 500w, https:\/\/cjselecta.com.br\/wp-content\/uploads\/2023\/03\/produtos-x-soy-150x85.jpeg 150w\" sizes=\"(max-width: 600px) 100vw, 600px\" \/><\/figure>\n<\/div><\/div>\n\n\n\n<div class=\"wp-block-column is-layout-flow wp-block-column-is-layout-flow\">\n<figure class=\"wp-block-image size-full is-resized\"><img decoding=\"async\" src=\"https:\/\/cjselecta.com.br\/wp-content\/uploads\/2023\/03\/x-soy-logo.svg\" alt=\"\" class=\"wp-image-1183\" width=\"190\" height=\"93\"\/><\/figure>\n\n\n\n<h2 class=\"wp-block-heading has-large-font-size\" style=\"font-style:normal;font-weight:700\">X-SOY products from CJ Selecta are excellent quality protein sources<\/h2>\n\n\n\n<p>With a focus on young animal nutrition and aquaculture, the X-SOY products line was specially developed to meet different applications in animal nutrition.<\/p>\n\n\n\n<p><strong>Applications:<\/strong><\/p>\n\n\n\n<p>According to scientific data and experience with our customers, X-SOY products have specific recommendations, depending on the animal species, age or breeding system.<\/p>\n\n\n\n<p><style>\n  .table-x-soy {\n    margin: 1.5em 0 !important;\n  }\n  .table-x-soy .destaque-1 {\n    font-weight: 900;\n    background: #E7E6E6;\n  }\n  .table-x-soy .destaque-2 {\n    font-weight: 900;\n    background: #F2F2F2;\n  }\n  .table-x-soy td {\n    \/*height: 50px !important;*\/\n    vertical-align: middle !important;\n    padding: 0.75em 0.25em !important;\n  }\n  .table-x-soy tr {\n    border-top: 1px solid #BDBDBD !important;\n    border-bottom: 1px solid #BDBDBD !important;\n  }\n  .table-x-soy thead {\n    font-size: 1.1em !important;\n    font-weight: 900 !important;\n  }\n  .table-x-soy thead tr {\n    height: 70px;\n  }\n<\/style><\/p>\n<table class=\"table-x-soy\" style=\"width: 100%; border-collapse: collapse; height: 368px;\">\n<thead>\n<tr style=\"height: 46px;\">\n<td style=\"width: 60%; height: 46px;\">Esp\u00e9cies<\/td>\n<td style=\"width: 20%; text-align: center; height: 46px;\">X-SOY<br>600<\/td>\n<td style=\"width: 20%; text-align: center; height: 46px;\">X-SOY<br>200<\/td>\n<\/tr>\n<\/thead>\n<tbody>\n<tr class=\"destaque-1\" style=\"height: 23px;\">\n<td style=\"width: 60%; height: 23px;\">Fish<\/td>\n<td style=\"width: 20%; text-align: center; height: 23px;\">v<\/td>\n<td style=\"width: 20%; text-align: center; height: 23px;\">v<\/td>\n<\/tr>\n<tr class=\"destaque-2\" style=\"height: 23px;\">\n<td style=\"width: 60%; height: 23px;\">Shrimps<\/td>\n<td style=\"width: 20%; text-align: center; height: 23px;\">v<\/td>\n<td style=\"width: 20%; text-align: center; height: 23px;\">v<\/td>\n<\/tr>\n<tr class=\"destaque-1\" style=\"height: 23px;\">\n<td style=\"width: 60%; height: 23px;\">Pigs<\/td>\n<td style=\"width: 20%; text-align: center; height: 23px;\">&nbsp;<\/td>\n<td style=\"width: 20%; text-align: center; height: 23px;\">&nbsp;<\/td>\n<\/tr>\n<tr class=\"\" style=\"height: 23px;\">\n<td style=\"width: 60%; height: 23px;\">Piglets<\/td>\n<td style=\"width: 20%; text-align: center; height: 23px;\">&nbsp;<\/td>\n<td style=\"width: 20%; text-align: center; height: 23px;\">v<\/td>\n<\/tr>\n<tr class=\"\" style=\"height: 23px;\">\n<td style=\"width: 60%; height: 23px;\">Growth \/ Termination<\/td>\n<td style=\"width: 20%; text-align: center; height: 23px;\">v<\/td>\n<td style=\"width: 20%; text-align: center; height: 23px;\">&nbsp;<\/td>\n<\/tr>\n<tr class=\"\" style=\"height: 23px;\">\n<td style=\"width: 60%; height: 23px;\">Pet food<\/td>\n<td style=\"width: 20%; text-align: center; height: 23px;\">v<\/td>\n<td style=\"width: 20%; text-align: center; height: 23px;\">v<\/td>\n<\/tr>\n<tr class=\"destaque-1\" style=\"height: 23px;\">\n<td style=\"width: 60%; height: 23px;\">Dairy Cattle<\/td>\n<td style=\"width: 20%; text-align: center; height: 23px;\">v<\/td>\n<td style=\"width: 20%; text-align: center; height: 23px;\">&nbsp;<\/td>\n<\/tr>\n<tr class=\"destaque-2\" style=\"height: 23px;\">\n<td style=\"width: 60%; height: 23px;\">Calves<\/td>\n<td style=\"width: 20%; text-align: center; height: 23px;\">&nbsp;<\/td>\n<td style=\"width: 20%; text-align: center; height: 23px;\">&nbsp;<\/td>\n<\/tr>\n<tr class=\"destaque-1\" style=\"height: 23px;\">\n<td style=\"width: 60%; height: 23px;\">Birds<\/td>\n<td style=\"width: 20%; text-align: center; height: 23px;\">&nbsp;<\/td>\n<td style=\"width: 20%; text-align: center; height: 23px;\">&nbsp;<\/td>\n<\/tr>\n<tr class=\"\" style=\"height: 23px;\">\n<td style=\"width: 60%; height: 23px;\">Broiler Chicken<\/td>\n<td style=\"width: 20%; text-align: center; height: 23px;\">v<\/td>\n<td style=\"width: 20%; text-align: center; height: 23px;\">v<\/td>\n<\/tr>\n<tr class=\"\" style=\"height: 23px;\">\n<td style=\"width: 60%; height: 23px;\">Layers<\/td>\n<td style=\"width: 20%; text-align: center; height: 23px;\">v<\/td>\n<td style=\"width: 20%; text-align: center; height: 23px;\">v<\/td>\n<\/tr>\n<tr class=\"\" style=\"height: 23px;\">\n<td style=\"width: 60%; height: 23px;\">Arrays<\/td>\n<td style=\"width: 20%; text-align: center; height: 23px;\">v<\/td>\n<td style=\"width: 20%; text-align: center; height: 23px;\">v<\/td>\n<\/tr>\n<tr class=\"\" style=\"height: 23px;\">\n<td style=\"width: 60%; height: 23px;\">Turkeys<\/td>\n<td style=\"width: 20%; text-align: center; height: 23px;\">v<\/td>\n<td style=\"width: 20%; text-align: center; height: 23px;\">v<\/td>\n<\/tr>\n<tr class=\"destaque-1\" style=\"height: 23px;\">\n<td style=\"width: 60%; height: 23px;\">Horses<\/td>\n<td style=\"width: 20%; text-align: center; height: 23px;\">v<\/td>\n<td style=\"width: 20%; text-align: center; height: 23px;\">&nbsp;<\/td>\n<\/tr>\n<\/tbody>\n<\/table>\n<\/div>\n<\/div>\n\n\n\n<div class=\"wp-block-columns is-layout-flex wp-container-core-columns-is-layout-9d6595d7 wp-block-columns-is-layout-flex\">\n<div class=\"wp-block-column is-layout-flow wp-block-column-is-layout-flow\">\n<figure class=\"wp-block-image size-full\"><img loading=\"lazy\" decoding=\"async\" width=\"180\" height=\"60\" src=\"https:\/\/cjselecta.com.br\/wp-content\/uploads\/2023\/03\/x-soy-200-logo.png\" alt=\"\" class=\"wp-image-1219\" srcset=\"https:\/\/cjselecta.com.br\/wp-content\/uploads\/2023\/03\/x-soy-200-logo.png 180w, https:\/\/cjselecta.com.br\/wp-content\/uploads\/2023\/03\/x-soy-200-logo-150x50.png 150w\" sizes=\"(max-width: 180px) 100vw, 180px\" \/><\/figure>\n\n\n\n<h2 class=\"wp-block-heading has-large-font-size\" style=\"font-style:normal;font-weight:700\">X-SOY 200 is the micronized SPC of Selecta<\/h2>\n\n\n\n<p>The ingredient has a controlled particle size, less than 180 microns. X-SOY 200 is especially used as a source of high digestibility in piglets nutrition. The product is also suitable for use in shrimp, fish and pet food diets, in which high-quality, fine-grained proteins are required.<\/p>\n\n\n\n<p><strong>Highlights:<\/strong><\/p>\n\n\n\n<ul class=\"wp-block-list\">\n<li>Controlled particle size: 95% less than 180 microns<\/li>\n\n\n\n<li>Superior digestibility<\/li>\n\n\n\n<li>Crude protein greater than 60% (Natural base)<\/li>\n\n\n\n<li>Free of anti-nutritional factors<\/li>\n\n\n\n<li>Standardized and stable quality<\/li>\n\n\n\n<li>Constant supply throughout the year, without seasonality<\/li>\n<\/ul>\n\n\n\n<figure class=\"wp-block-image size-full\"><img loading=\"lazy\" decoding=\"async\" width=\"140\" height=\"158\" src=\"https:\/\/cjselecta.com.br\/wp-content\/uploads\/2023\/03\/porco.jpeg\" alt=\"\" class=\"wp-image-1222\"\/><\/figure>\n\n\n\n<p><strong>Replaces soy bran<\/strong><\/p>\n\n\n\n<ul class=\"wp-block-list\">\n<li>Improves villus height and crypt depth in piglets&#8217; instestines<\/li>\n<\/ul>\n\n\n\n<p><strong>Replaces blood plasma<\/strong><\/p>\n\n\n\n<ul class=\"wp-block-list\">\n<li>Without any detrimental damage to zootechnical performance<\/li>\n\n\n\n<li>There is no risk of contamination with viruses and bacteria<\/li>\n\n\n\n<li>Excellent cost-benefit ratio<\/li>\n<\/ul>\n<\/div>\n\n\n\n<div class=\"wp-block-column is-layout-flow wp-block-column-is-layout-flow\">\n<figure class=\"wp-block-image size-full\"><img loading=\"lazy\" decoding=\"async\" width=\"180\" height=\"60\" src=\"https:\/\/cjselecta.com.br\/wp-content\/uploads\/2023\/03\/x-soy-600-logo.png\" alt=\"\" class=\"wp-image-1218\" srcset=\"https:\/\/cjselecta.com.br\/wp-content\/uploads\/2023\/03\/x-soy-600-logo.png 180w, https:\/\/cjselecta.com.br\/wp-content\/uploads\/2023\/03\/x-soy-600-logo-150x50.png 150w\" sizes=\"(max-width: 180px) 100vw, 180px\" \/><\/figure>\n\n\n\n<h2 class=\"wp-block-heading has-large-font-size\" style=\"font-style:normal;font-weight:700\">X-SOY 600 is a highly digestible protein source<\/h2>\n\n\n\n<p>The ingredient is free of antinutritional factors, it is used worldwide as an economically viable solution for high performance nutritional programs, such as nutrition of fish, shrimp, piglets, chickens and PETs.<\/p>\n\n\n\n<p><strong>Highlights:<\/strong><\/p>\n\n\n\n<ul class=\"wp-block-list\">\n<li>Crude protein level greater than 60% (natural base)<\/li>\n\n\n\n<li>Free of anti-nutritional factors<\/li>\n\n\n\n<li>Stable Quality Standard<\/li>\n\n\n\n<li>Constant supply, without seasonality<\/li>\n<\/ul>\n\n\n\n<figure class=\"wp-block-image size-full\"><img loading=\"lazy\" decoding=\"async\" width=\"205\" height=\"75\" src=\"https:\/\/cjselecta.com.br\/wp-content\/uploads\/2023\/03\/salmao.jpeg\" alt=\"\" class=\"wp-image-1221\" srcset=\"https:\/\/cjselecta.com.br\/wp-content\/uploads\/2023\/03\/salmao.jpeg 205w, https:\/\/cjselecta.com.br\/wp-content\/uploads\/2023\/03\/salmao-150x55.jpeg 150w\" sizes=\"(max-width: 205px) 100vw, 205px\" \/><\/figure>\n\n\n\n<p><strong>Replaces soy bran<\/strong><\/p>\n\n\n\n<ul class=\"wp-block-list\">\n<li>Low fiber content<\/li>\n\n\n\n<li>No anti-nutritional factors<\/li>\n<\/ul>\n\n\n\n<p><strong>Replaces fishmeal<\/strong><\/p>\n\n\n\n<ul class=\"wp-block-list\">\n<li>Sem qualquer dano ao desempenho<\/li>\n\n\n\n<li>Melhor rela\u00e7\u00e3o custo-benef\u00edcio<\/li>\n<\/ul>\n\n\n\n<figure class=\"wp-block-image size-full\"><img loading=\"lazy\" decoding=\"async\" width=\"111\" height=\"149\" src=\"https:\/\/cjselecta.com.br\/wp-content\/uploads\/2023\/03\/cachorro.jpeg\" alt=\"\" class=\"wp-image-1220\"\/><\/figure>\n\n\n\n<p><strong>Replaces animal based bran<\/strong><\/p>\n\n\n\n<ul class=\"wp-block-list\">\n<li>Low ash ratio: Crude Protein<\/li>\n\n\n\n<li>Contamination insurance<\/li>\n<\/ul>\n\n\n\n<p><strong>Replaces corn gluten<\/strong><\/p>\n\n\n\n<ul class=\"wp-block-list\">\n<li>Microtoxin-free<\/li>\n<\/ul>\n<\/div>\n<\/div>\n","protected":false},"excerpt":{"rendered":"<p>Solutions for Young Animal Nutrition Solutions for Aquaculture Other Applications Soy protein concentrate (SPC) CJ Selecta SPC is the highest quality soy protein concentrate available on the market. In the SPC manufacturing process occurs: Due to these main characteristics, SPC is recognized as the best vegetable protein to replace fishmeal in aquaculture diets. SPC is [&hellip;]<\/p>\n","protected":false},"author":1,"featured_media":0,"parent":2156,"menu_order":18,"comment_status":"closed","ping_status":"closed","template":"","meta":{"inline_featured_image":false,"footnotes":""},"class_list":["post-2205","page","type-page","status-publish","hentry"],"acf":[],"yoast_head":"<!-- This site is optimized with the Yoast SEO plugin v27.2 - https:\/\/yoast.com\/product\/yoast-seo-wordpress\/ -->\n<title>X-SOY - CJ Selecta<\/title>\n<meta name=\"robots\" content=\"index, follow, max-snippet:-1, max-image-preview:large, max-video-preview:-1\" \/>\n<link rel=\"canonical\" href=\"https:\/\/cjselecta.com.brunidades-de-negocios\/produtos-cj\/x-soy\/\" \/>\n<meta property=\"og:locale\" content=\"en_US\" \/>\n<meta property=\"og:type\" content=\"article\" \/>\n<meta property=\"og:title\" content=\"X-SOY - CJ Selecta\" \/>\n<meta property=\"og:description\" content=\"Solutions for Young Animal Nutrition Solutions for Aquaculture Other Applications Soy protein concentrate (SPC) CJ Selecta SPC is the highest quality soy protein concentrate available on the market. In the SPC manufacturing process occurs: Due to these main characteristics, SPC is recognized as the best vegetable protein to replace fishmeal in aquaculture diets. SPC is [&hellip;]\" \/>\n<meta property=\"og:url\" content=\"https:\/\/cjselecta.com.brunidades-de-negocios\/produtos-cj\/x-soy\/\" \/>\n<meta property=\"og:site_name\" content=\"CJ Selecta\" \/>\n<meta property=\"article:modified_time\" content=\"2023-04-03T20:23:27+00:00\" \/>\n<meta property=\"og:image\" content=\"https:\/\/cjselecta.com.br\/wp-content\/uploads\/2023\/03\/spc.jpeg\" \/>\n<meta name=\"twitter:card\" content=\"summary_large_image\" \/>\n<meta name=\"twitter:label1\" content=\"Est. reading time\" \/>\n\t<meta name=\"twitter:data1\" content=\"2 minutes\" \/>\n<script type=\"application\/ld+json\" class=\"yoast-schema-graph\">{\"@context\":\"https:\/\/schema.org\",\"@graph\":[{\"@type\":\"WebPage\",\"@id\":\"https:\/\/cjselecta.com.brunidades-de-negocios\/produtos-cj\/x-soy\/\",\"url\":\"https:\/\/cjselecta.com.brunidades-de-negocios\/produtos-cj\/x-soy\/\",\"name\":\"X-SOY - CJ Selecta\",\"isPartOf\":{\"@id\":\"https:\/\/cjselecta.com.br\/#website\"},\"primaryImageOfPage\":{\"@id\":\"https:\/\/cjselecta.com.brunidades-de-negocios\/produtos-cj\/x-soy\/#primaryimage\"},\"image\":{\"@id\":\"https:\/\/cjselecta.com.brunidades-de-negocios\/produtos-cj\/x-soy\/#primaryimage\"},\"thumbnailUrl\":\"https:\/\/cjselecta.com.br\/wp-content\/uploads\/2023\/03\/spc.jpeg\",\"datePublished\":\"2023-03-14T18:12:35+00:00\",\"dateModified\":\"2023-04-03T20:23:27+00:00\",\"breadcrumb\":{\"@id\":\"https:\/\/cjselecta.com.brunidades-de-negocios\/produtos-cj\/x-soy\/#breadcrumb\"},\"inLanguage\":\"en-US\",\"potentialAction\":[{\"@type\":\"ReadAction\",\"target\":[\"https:\/\/cjselecta.com.brunidades-de-negocios\/produtos-cj\/x-soy\/\"]}]},{\"@type\":\"ImageObject\",\"inLanguage\":\"en-US\",\"@id\":\"https:\/\/cjselecta.com.brunidades-de-negocios\/produtos-cj\/x-soy\/#primaryimage\",\"url\":\"https:\/\/cjselecta.com.br\/wp-content\/uploads\/2023\/03\/spc.jpeg\",\"contentUrl\":\"https:\/\/cjselecta.com.br\/wp-content\/uploads\/2023\/03\/spc.jpeg\"},{\"@type\":\"BreadcrumbList\",\"@id\":\"https:\/\/cjselecta.com.brunidades-de-negocios\/produtos-cj\/x-soy\/#breadcrumb\",\"itemListElement\":[{\"@type\":\"ListItem\",\"position\":1,\"name\":\"Home\",\"item\":\"https:\/\/cjselecta.com.br\/\"},{\"@type\":\"ListItem\",\"position\":2,\"name\":\"Business Units\",\"item\":\"https:\/\/cjselecta.com.brunidades-de-negocios\/\"},{\"@type\":\"ListItem\",\"position\":3,\"name\":\"CJ Products\",\"item\":\"https:\/\/cjselecta.com.brunidades-de-negocios\/produtos-cj\/\"},{\"@type\":\"ListItem\",\"position\":4,\"name\":\"X-SOY\"}]},{\"@type\":\"WebSite\",\"@id\":\"https:\/\/cjselecta.com.br\/#website\",\"url\":\"https:\/\/cjselecta.com.br\/\",\"name\":\"CJ Selecta\",\"description\":\"\",\"publisher\":{\"@id\":\"https:\/\/cjselecta.com.br\/#organization\"},\"potentialAction\":[{\"@type\":\"SearchAction\",\"target\":{\"@type\":\"EntryPoint\",\"urlTemplate\":\"https:\/\/cjselecta.com.br\/?s={search_term_string}\"},\"query-input\":{\"@type\":\"PropertyValueSpecification\",\"valueRequired\":true,\"valueName\":\"search_term_string\"}}],\"inLanguage\":\"en-US\"},{\"@type\":\"Organization\",\"@id\":\"https:\/\/cjselecta.com.br\/#organization\",\"name\":\"CJ Selecta\",\"url\":\"https:\/\/cjselecta.com.br\/\",\"logo\":{\"@type\":\"ImageObject\",\"inLanguage\":\"en-US\",\"@id\":\"https:\/\/cjselecta.com.br\/#\/schema\/logo\/image\/\",\"url\":\"https:\/\/cjselecta.com.br\/wp-content\/uploads\/2023\/04\/cjselecta-logo.svg\",\"contentUrl\":\"https:\/\/cjselecta.com.br\/wp-content\/uploads\/2023\/04\/cjselecta-logo.svg\",\"caption\":\"CJ Selecta\"},\"image\":{\"@id\":\"https:\/\/cjselecta.com.br\/#\/schema\/logo\/image\/\"}}]}<\/script>\n<!-- \/ Yoast SEO plugin. -->","yoast_head_json":{"title":"X-SOY - CJ Selecta","robots":{"index":"index","follow":"follow","max-snippet":"max-snippet:-1","max-image-preview":"max-image-preview:large","max-video-preview":"max-video-preview:-1"},"canonical":"https:\/\/cjselecta.com.brunidades-de-negocios\/produtos-cj\/x-soy\/","og_locale":"en_US","og_type":"article","og_title":"X-SOY - CJ Selecta","og_description":"Solutions for Young Animal Nutrition Solutions for Aquaculture Other Applications Soy protein concentrate (SPC) CJ Selecta SPC is the highest quality soy protein concentrate available on the market. In the SPC manufacturing process occurs: Due to these main characteristics, SPC is recognized as the best vegetable protein to replace fishmeal in aquaculture diets. SPC is [&hellip;]","og_url":"https:\/\/cjselecta.com.brunidades-de-negocios\/produtos-cj\/x-soy\/","og_site_name":"CJ Selecta","article_modified_time":"2023-04-03T20:23:27+00:00","og_image":[{"url":"https:\/\/cjselecta.com.br\/wp-content\/uploads\/2023\/03\/spc.jpeg","type":"","width":"","height":""}],"twitter_card":"summary_large_image","twitter_misc":{"Est. reading time":"2 minutes"},"schema":{"@context":"https:\/\/schema.org","@graph":[{"@type":"WebPage","@id":"https:\/\/cjselecta.com.brunidades-de-negocios\/produtos-cj\/x-soy\/","url":"https:\/\/cjselecta.com.brunidades-de-negocios\/produtos-cj\/x-soy\/","name":"X-SOY - CJ Selecta","isPartOf":{"@id":"https:\/\/cjselecta.com.br\/#website"},"primaryImageOfPage":{"@id":"https:\/\/cjselecta.com.brunidades-de-negocios\/produtos-cj\/x-soy\/#primaryimage"},"image":{"@id":"https:\/\/cjselecta.com.brunidades-de-negocios\/produtos-cj\/x-soy\/#primaryimage"},"thumbnailUrl":"https:\/\/cjselecta.com.br\/wp-content\/uploads\/2023\/03\/spc.jpeg","datePublished":"2023-03-14T18:12:35+00:00","dateModified":"2023-04-03T20:23:27+00:00","breadcrumb":{"@id":"https:\/\/cjselecta.com.brunidades-de-negocios\/produtos-cj\/x-soy\/#breadcrumb"},"inLanguage":"en-US","potentialAction":[{"@type":"ReadAction","target":["https:\/\/cjselecta.com.brunidades-de-negocios\/produtos-cj\/x-soy\/"]}]},{"@type":"ImageObject","inLanguage":"en-US","@id":"https:\/\/cjselecta.com.brunidades-de-negocios\/produtos-cj\/x-soy\/#primaryimage","url":"https:\/\/cjselecta.com.br\/wp-content\/uploads\/2023\/03\/spc.jpeg","contentUrl":"https:\/\/cjselecta.com.br\/wp-content\/uploads\/2023\/03\/spc.jpeg"},{"@type":"BreadcrumbList","@id":"https:\/\/cjselecta.com.brunidades-de-negocios\/produtos-cj\/x-soy\/#breadcrumb","itemListElement":[{"@type":"ListItem","position":1,"name":"Home","item":"https:\/\/cjselecta.com.br\/"},{"@type":"ListItem","position":2,"name":"Business Units","item":"https:\/\/cjselecta.com.brunidades-de-negocios\/"},{"@type":"ListItem","position":3,"name":"CJ Products","item":"https:\/\/cjselecta.com.brunidades-de-negocios\/produtos-cj\/"},{"@type":"ListItem","position":4,"name":"X-SOY"}]},{"@type":"WebSite","@id":"https:\/\/cjselecta.com.br\/#website","url":"https:\/\/cjselecta.com.br\/","name":"CJ Selecta","description":"","publisher":{"@id":"https:\/\/cjselecta.com.br\/#organization"},"potentialAction":[{"@type":"SearchAction","target":{"@type":"EntryPoint","urlTemplate":"https:\/\/cjselecta.com.br\/?s={search_term_string}"},"query-input":{"@type":"PropertyValueSpecification","valueRequired":true,"valueName":"search_term_string"}}],"inLanguage":"en-US"},{"@type":"Organization","@id":"https:\/\/cjselecta.com.br\/#organization","name":"CJ Selecta","url":"https:\/\/cjselecta.com.br\/","logo":{"@type":"ImageObject","inLanguage":"en-US","@id":"https:\/\/cjselecta.com.br\/#\/schema\/logo\/image\/","url":"https:\/\/cjselecta.com.br\/wp-content\/uploads\/2023\/04\/cjselecta-logo.svg","contentUrl":"https:\/\/cjselecta.com.br\/wp-content\/uploads\/2023\/04\/cjselecta-logo.svg","caption":"CJ Selecta"},"image":{"@id":"https:\/\/cjselecta.com.br\/#\/schema\/logo\/image\/"}}]}},"_links":{"self":[{"href":"https:\/\/cjselecta.com.br\/en\/wp-json\/wp\/v2\/pages\/2205","targetHints":{"allow":["GET"]}}],"collection":[{"href":"https:\/\/cjselecta.com.br\/en\/wp-json\/wp\/v2\/pages"}],"about":[{"href":"https:\/\/cjselecta.com.br\/en\/wp-json\/wp\/v2\/types\/page"}],"author":[{"embeddable":true,"href":"https:\/\/cjselecta.com.br\/en\/wp-json\/wp\/v2\/users\/1"}],"replies":[{"embeddable":true,"href":"https:\/\/cjselecta.com.br\/en\/wp-json\/wp\/v2\/comments?post=2205"}],"version-history":[{"count":5,"href":"https:\/\/cjselecta.com.br\/en\/wp-json\/wp\/v2\/pages\/2205\/revisions"}],"predecessor-version":[{"id":2223,"href":"https:\/\/cjselecta.com.br\/en\/wp-json\/wp\/v2\/pages\/2205\/revisions\/2223"}],"up":[{"embeddable":true,"href":"https:\/\/cjselecta.com.br\/en\/wp-json\/wp\/v2\/pages\/2156"}],"wp:attachment":[{"href":"https:\/\/cjselecta.com.br\/en\/wp-json\/wp\/v2\/media?parent=2205"}],"curies":[{"name":"wp","href":"https:\/\/api.w.org\/{rel}","templated":true}]}}