{"id":2200,"date":"2023-03-09T13:37:57","date_gmt":"2023-03-09T16:37:57","guid":{"rendered":"https:\/\/cjselecta.com.br\/unidades-de-negocios\/etanol\/"},"modified":"2023-04-08T09:47:51","modified_gmt":"2023-04-08T12:47:51","slug":"etanol","status":"publish","type":"page","link":"https:\/\/cjselecta.com.br\/en\/unidades-de-negocios\/etanol\/","title":{"rendered":"Ethanol"},"content":{"rendered":"\n<div class=\"wp-block-group\"><div class=\"wp-block-group__inner-container is-layout-constrained wp-block-group-is-layout-constrained\">\n<div style=\"height:50px\" aria-hidden=\"true\" class=\"wp-block-spacer\"><\/div>\n\n\n\n<div class=\"wp-block-columns is-layout-flex wp-container-core-columns-is-layout-9d6595d7 wp-block-columns-is-layout-flex\">\n<div class=\"wp-block-column is-layout-flow wp-block-column-is-layout-flow\">\n<p>We are very pleased to announce the start of operation of our hydrated alcohol production plant! The plant will have the capacity to produce 30,000 L \/ day of hydrated alcohol, part of which will be used as a solvent in the production process of SPC (soy protein concentrate), our main product, which will make us self-sufficient in ethanol. The other surplus portion may be marketed to fuel distributors as vehicle oxidizing alcohol, as soon as the plant obtains the respective grant from ANP &#8211; National Agency of Petroleum, Natural Gas and Biofuels.<\/p>\n\n\n\n<p>This reinforces CJ Selecta&#8217;s commitment to innovation and sustainability, key words for our future!<\/p>\n<\/div>\n\n\n\n<div class=\"wp-block-column is-layout-flow wp-block-column-is-layout-flow\"><div class=\"wp-block-image\">\n<figure class=\"aligncenter size-full\"><img fetchpriority=\"high\" decoding=\"async\" width=\"500\" height=\"333\" src=\"https:\/\/cjselecta.com.br\/wp-content\/uploads\/2023\/03\/img-etanol.jpeg\" alt=\"\" class=\"wp-image-647\" srcset=\"https:\/\/cjselecta.com.br\/wp-content\/uploads\/2023\/03\/img-etanol.jpeg 500w, https:\/\/cjselecta.com.br\/wp-content\/uploads\/2023\/03\/img-etanol-150x100.jpeg 150w, https:\/\/cjselecta.com.br\/wp-content\/uploads\/2023\/03\/img-etanol-300x200.jpeg 300w\" sizes=\"(max-width: 500px) 100vw, 500px\" \/><\/figure>\n<\/div><\/div>\n<\/div>\n<\/div><\/div>\n\n\n\n<div class=\"wp-block-group\"><div class=\"wp-block-group__inner-container is-layout-constrained wp-block-group-is-layout-constrained\">\n<h2 class=\"wp-block-heading ticss-f31fe40d has-x-large-font-size\">CJ SELECTA&#8217;S ETHANOL PLANT<\/h2>\n\n\n\n<div class=\"wp-block-columns is-not-stacked-on-mobile ticss-efedd635 is-layout-flex wp-container-core-columns-is-layout-9d6595d7 wp-block-columns-is-layout-flex\">\n<div class=\"wp-block-column is-layout-flow wp-block-column-is-layout-flow\" style=\"flex-basis:210px\">\n<p style=\"font-size:24px\"><strong>SOY ETHANOL<\/strong><\/p>\n<\/div>\n\n\n\n<div class=\"wp-block-column is-layout-flow wp-block-column-is-layout-flow\" style=\"flex-basis:200px\">\n<figure class=\"wp-block-image size-large is-resized\"><img decoding=\"async\" src=\"https:\/\/cjselecta.com.br\/wp-content\/uploads\/2023\/03\/soja-icon.svg\" alt=\"\" class=\"wp-image-1076\" width=\"90\" height=\"40\"\/><\/figure>\n<\/div>\n<\/div>\n\n\n\n<p class=\"has-medium-font-size\"><strong>ETHANOL &#8211; RENEWABLE ENERGY<\/strong><\/p>\n\n\n\n<div class=\"wp-block-stackable-image aligncenter stk-block-image stk--hide-tablet stk--hide-mobile stk-block stk-d77d13d\" data-block-id=\"d77d13d\"><style>.stk-d77d13d .stk-img-wrapper{width:100% !important}<\/style><figure class=\"stk-img-wrapper stk-image--shape-stretch\"><img decoding=\"async\" class=\"stk-img wp-image-1092\" src=\"https:\/\/cjselecta.com.br\/wp-content\/uploads\/2023\/03\/planta-etanol-desktop.jpg\" width=\"1143\" height=\"514\" srcset=\"https:\/\/cjselecta.com.br\/wp-content\/uploads\/2023\/03\/planta-etanol-desktop.jpg 1143w, https:\/\/cjselecta.com.br\/wp-content\/uploads\/2023\/03\/planta-etanol-desktop-500x225.jpg 500w, https:\/\/cjselecta.com.br\/wp-content\/uploads\/2023\/03\/planta-etanol-desktop-1100x495.jpg 1100w, https:\/\/cjselecta.com.br\/wp-content\/uploads\/2023\/03\/planta-etanol-desktop-150x67.jpg 150w, https:\/\/cjselecta.com.br\/wp-content\/uploads\/2023\/03\/planta-etanol-desktop-768x345.jpg 768w\" sizes=\"(max-width: 1143px) 100vw, 1143px\" \/><\/figure><\/div>\n\n\n\n<div class=\"wp-block-stackable-image aligncenter stk-block-image stk--hide-desktop stk--hide-mobile stk-block stk-d29d3ae\" data-block-id=\"d29d3ae\"><figure class=\"stk-img-wrapper stk-image--shape-stretch\"><img loading=\"lazy\" decoding=\"async\" class=\"stk-img wp-image-1100\" src=\"https:\/\/cjselecta.com.br\/wp-content\/uploads\/2023\/03\/planta-etanol-tablet.jpg\" width=\"750\" height=\"613\" srcset=\"https:\/\/cjselecta.com.br\/wp-content\/uploads\/2023\/03\/planta-etanol-tablet.jpg 750w, https:\/\/cjselecta.com.br\/wp-content\/uploads\/2023\/03\/planta-etanol-tablet-500x409.jpg 500w, https:\/\/cjselecta.com.br\/wp-content\/uploads\/2023\/03\/planta-etanol-tablet-150x123.jpg 150w\" sizes=\"(max-width: 750px) 100vw, 750px\" \/><\/figure><\/div>\n\n\n\n<div class=\"wp-block-stackable-image aligncenter stk-block-image stk--hide-desktop stk--hide-tablet stk-block stk-367c105\" data-block-id=\"367c105\"><figure class=\"stk-img-wrapper stk-image--shape-stretch\"><img loading=\"lazy\" decoding=\"async\" class=\"stk-img wp-image-1097\" src=\"https:\/\/cjselecta.com.br\/wp-content\/uploads\/2023\/03\/planta-etanol-celular.jpg\" width=\"462\" height=\"729\" srcset=\"https:\/\/cjselecta.com.br\/wp-content\/uploads\/2023\/03\/planta-etanol-celular.jpg 462w, https:\/\/cjselecta.com.br\/wp-content\/uploads\/2023\/03\/planta-etanol-celular-150x237.jpg 150w\" sizes=\"(max-width: 462px) 100vw, 462px\" \/><\/figure><\/div>\n\n\n\n<p>* Etanol \u00e9 o principal solvente utilizado no processo de fabrica\u00e7\u00e3o de concentrado proteico de soja (SPC)<\/p>\n\n\n\n<div style=\"height:10px\" aria-hidden=\"true\" class=\"wp-block-spacer\"><\/div>\n<\/div><\/div>\n","protected":false},"excerpt":{"rendered":"<p>We are very pleased to announce the start of operation of our hydrated alcohol production plant! The plant will have the capacity to produce 30,000 L \/ day of hydrated alcohol, part of which will be used as a solvent in the production process of SPC (soy protein concentrate), our main product, which will make [&hellip;]<\/p>\n","protected":false},"author":1,"featured_media":0,"parent":2097,"menu_order":51,"comment_status":"closed","ping_status":"closed","template":"","meta":{"inline_featured_image":false,"footnotes":""},"class_list":["post-2200","page","type-page","status-publish","hentry"],"acf":[],"yoast_head":"<!-- This site is optimized with the Yoast SEO plugin v27.2 - https:\/\/yoast.com\/product\/yoast-seo-wordpress\/ -->\n<title>Ethanol - CJ Selecta<\/title>\n<meta name=\"robots\" content=\"index, follow, max-snippet:-1, max-image-preview:large, max-video-preview:-1\" \/>\n<link rel=\"canonical\" href=\"https:\/\/cjselecta.com.brunidades-de-negocios\/etanol\/\" \/>\n<meta property=\"og:locale\" content=\"en_US\" \/>\n<meta property=\"og:type\" content=\"article\" \/>\n<meta property=\"og:title\" content=\"Ethanol - CJ Selecta\" \/>\n<meta property=\"og:description\" content=\"We are very pleased to announce the start of operation of our hydrated alcohol production plant! The plant will have the capacity to produce 30,000 L \/ day of hydrated alcohol, part of which will be used as a solvent in the production process of SPC (soy protein concentrate), our main product, which will make [&hellip;]\" \/>\n<meta property=\"og:url\" content=\"https:\/\/cjselecta.com.brunidades-de-negocios\/etanol\/\" \/>\n<meta property=\"og:site_name\" content=\"CJ Selecta\" \/>\n<meta property=\"article:modified_time\" content=\"2023-04-08T12:47:51+00:00\" \/>\n<meta property=\"og:image\" content=\"https:\/\/cjselecta.com.br\/wp-content\/uploads\/2023\/03\/img-etanol.jpeg\" \/>\n<meta name=\"twitter:card\" content=\"summary_large_image\" \/>\n<meta name=\"twitter:label1\" content=\"Est. reading time\" \/>\n\t<meta name=\"twitter:data1\" content=\"1 minute\" \/>\n<script type=\"application\/ld+json\" class=\"yoast-schema-graph\">{\"@context\":\"https:\/\/schema.org\",\"@graph\":[{\"@type\":\"WebPage\",\"@id\":\"https:\/\/cjselecta.com.brunidades-de-negocios\/etanol\/\",\"url\":\"https:\/\/cjselecta.com.brunidades-de-negocios\/etanol\/\",\"name\":\"Ethanol - CJ Selecta\",\"isPartOf\":{\"@id\":\"https:\/\/cjselecta.com.br\/#website\"},\"primaryImageOfPage\":{\"@id\":\"https:\/\/cjselecta.com.brunidades-de-negocios\/etanol\/#primaryimage\"},\"image\":{\"@id\":\"https:\/\/cjselecta.com.brunidades-de-negocios\/etanol\/#primaryimage\"},\"thumbnailUrl\":\"https:\/\/cjselecta.com.br\/wp-content\/uploads\/2023\/03\/img-etanol.jpeg\",\"datePublished\":\"2023-03-09T16:37:57+00:00\",\"dateModified\":\"2023-04-08T12:47:51+00:00\",\"breadcrumb\":{\"@id\":\"https:\/\/cjselecta.com.brunidades-de-negocios\/etanol\/#breadcrumb\"},\"inLanguage\":\"en-US\",\"potentialAction\":[{\"@type\":\"ReadAction\",\"target\":[\"https:\/\/cjselecta.com.brunidades-de-negocios\/etanol\/\"]}]},{\"@type\":\"ImageObject\",\"inLanguage\":\"en-US\",\"@id\":\"https:\/\/cjselecta.com.brunidades-de-negocios\/etanol\/#primaryimage\",\"url\":\"https:\/\/cjselecta.com.br\/wp-content\/uploads\/2023\/03\/img-etanol.jpeg\",\"contentUrl\":\"https:\/\/cjselecta.com.br\/wp-content\/uploads\/2023\/03\/img-etanol.jpeg\"},{\"@type\":\"BreadcrumbList\",\"@id\":\"https:\/\/cjselecta.com.brunidades-de-negocios\/etanol\/#breadcrumb\",\"itemListElement\":[{\"@type\":\"ListItem\",\"position\":1,\"name\":\"Home\",\"item\":\"https:\/\/cjselecta.com.br\/\"},{\"@type\":\"ListItem\",\"position\":2,\"name\":\"Business Units\",\"item\":\"https:\/\/cjselecta.com.brunidades-de-negocios\/\"},{\"@type\":\"ListItem\",\"position\":3,\"name\":\"Ethanol\"}]},{\"@type\":\"WebSite\",\"@id\":\"https:\/\/cjselecta.com.br\/#website\",\"url\":\"https:\/\/cjselecta.com.br\/\",\"name\":\"CJ Selecta\",\"description\":\"\",\"publisher\":{\"@id\":\"https:\/\/cjselecta.com.br\/#organization\"},\"potentialAction\":[{\"@type\":\"SearchAction\",\"target\":{\"@type\":\"EntryPoint\",\"urlTemplate\":\"https:\/\/cjselecta.com.br\/?s={search_term_string}\"},\"query-input\":{\"@type\":\"PropertyValueSpecification\",\"valueRequired\":true,\"valueName\":\"search_term_string\"}}],\"inLanguage\":\"en-US\"},{\"@type\":\"Organization\",\"@id\":\"https:\/\/cjselecta.com.br\/#organization\",\"name\":\"CJ Selecta\",\"url\":\"https:\/\/cjselecta.com.br\/\",\"logo\":{\"@type\":\"ImageObject\",\"inLanguage\":\"en-US\",\"@id\":\"https:\/\/cjselecta.com.br\/#\/schema\/logo\/image\/\",\"url\":\"https:\/\/cjselecta.com.br\/wp-content\/uploads\/2023\/04\/cjselecta-logo.svg\",\"contentUrl\":\"https:\/\/cjselecta.com.br\/wp-content\/uploads\/2023\/04\/cjselecta-logo.svg\",\"caption\":\"CJ Selecta\"},\"image\":{\"@id\":\"https:\/\/cjselecta.com.br\/#\/schema\/logo\/image\/\"}}]}<\/script>\n<!-- \/ Yoast SEO plugin. -->","yoast_head_json":{"title":"Ethanol - CJ Selecta","robots":{"index":"index","follow":"follow","max-snippet":"max-snippet:-1","max-image-preview":"max-image-preview:large","max-video-preview":"max-video-preview:-1"},"canonical":"https:\/\/cjselecta.com.brunidades-de-negocios\/etanol\/","og_locale":"en_US","og_type":"article","og_title":"Ethanol - CJ Selecta","og_description":"We are very pleased to announce the start of operation of our hydrated alcohol production plant! The plant will have the capacity to produce 30,000 L \/ day of hydrated alcohol, part of which will be used as a solvent in the production process of SPC (soy protein concentrate), our main product, which will make [&hellip;]","og_url":"https:\/\/cjselecta.com.brunidades-de-negocios\/etanol\/","og_site_name":"CJ Selecta","article_modified_time":"2023-04-08T12:47:51+00:00","og_image":[{"url":"https:\/\/cjselecta.com.br\/wp-content\/uploads\/2023\/03\/img-etanol.jpeg","type":"","width":"","height":""}],"twitter_card":"summary_large_image","twitter_misc":{"Est. reading time":"1 minute"},"schema":{"@context":"https:\/\/schema.org","@graph":[{"@type":"WebPage","@id":"https:\/\/cjselecta.com.brunidades-de-negocios\/etanol\/","url":"https:\/\/cjselecta.com.brunidades-de-negocios\/etanol\/","name":"Ethanol - CJ Selecta","isPartOf":{"@id":"https:\/\/cjselecta.com.br\/#website"},"primaryImageOfPage":{"@id":"https:\/\/cjselecta.com.brunidades-de-negocios\/etanol\/#primaryimage"},"image":{"@id":"https:\/\/cjselecta.com.brunidades-de-negocios\/etanol\/#primaryimage"},"thumbnailUrl":"https:\/\/cjselecta.com.br\/wp-content\/uploads\/2023\/03\/img-etanol.jpeg","datePublished":"2023-03-09T16:37:57+00:00","dateModified":"2023-04-08T12:47:51+00:00","breadcrumb":{"@id":"https:\/\/cjselecta.com.brunidades-de-negocios\/etanol\/#breadcrumb"},"inLanguage":"en-US","potentialAction":[{"@type":"ReadAction","target":["https:\/\/cjselecta.com.brunidades-de-negocios\/etanol\/"]}]},{"@type":"ImageObject","inLanguage":"en-US","@id":"https:\/\/cjselecta.com.brunidades-de-negocios\/etanol\/#primaryimage","url":"https:\/\/cjselecta.com.br\/wp-content\/uploads\/2023\/03\/img-etanol.jpeg","contentUrl":"https:\/\/cjselecta.com.br\/wp-content\/uploads\/2023\/03\/img-etanol.jpeg"},{"@type":"BreadcrumbList","@id":"https:\/\/cjselecta.com.brunidades-de-negocios\/etanol\/#breadcrumb","itemListElement":[{"@type":"ListItem","position":1,"name":"Home","item":"https:\/\/cjselecta.com.br\/"},{"@type":"ListItem","position":2,"name":"Business Units","item":"https:\/\/cjselecta.com.brunidades-de-negocios\/"},{"@type":"ListItem","position":3,"name":"Ethanol"}]},{"@type":"WebSite","@id":"https:\/\/cjselecta.com.br\/#website","url":"https:\/\/cjselecta.com.br\/","name":"CJ Selecta","description":"","publisher":{"@id":"https:\/\/cjselecta.com.br\/#organization"},"potentialAction":[{"@type":"SearchAction","target":{"@type":"EntryPoint","urlTemplate":"https:\/\/cjselecta.com.br\/?s={search_term_string}"},"query-input":{"@type":"PropertyValueSpecification","valueRequired":true,"valueName":"search_term_string"}}],"inLanguage":"en-US"},{"@type":"Organization","@id":"https:\/\/cjselecta.com.br\/#organization","name":"CJ Selecta","url":"https:\/\/cjselecta.com.br\/","logo":{"@type":"ImageObject","inLanguage":"en-US","@id":"https:\/\/cjselecta.com.br\/#\/schema\/logo\/image\/","url":"https:\/\/cjselecta.com.br\/wp-content\/uploads\/2023\/04\/cjselecta-logo.svg","contentUrl":"https:\/\/cjselecta.com.br\/wp-content\/uploads\/2023\/04\/cjselecta-logo.svg","caption":"CJ Selecta"},"image":{"@id":"https:\/\/cjselecta.com.br\/#\/schema\/logo\/image\/"}}]}},"_links":{"self":[{"href":"https:\/\/cjselecta.com.br\/en\/wp-json\/wp\/v2\/pages\/2200","targetHints":{"allow":["GET"]}}],"collection":[{"href":"https:\/\/cjselecta.com.br\/en\/wp-json\/wp\/v2\/pages"}],"about":[{"href":"https:\/\/cjselecta.com.br\/en\/wp-json\/wp\/v2\/types\/page"}],"author":[{"embeddable":true,"href":"https:\/\/cjselecta.com.br\/en\/wp-json\/wp\/v2\/users\/1"}],"replies":[{"embeddable":true,"href":"https:\/\/cjselecta.com.br\/en\/wp-json\/wp\/v2\/comments?post=2200"}],"version-history":[{"count":2,"href":"https:\/\/cjselecta.com.br\/en\/wp-json\/wp\/v2\/pages\/2200\/revisions"}],"predecessor-version":[{"id":2552,"href":"https:\/\/cjselecta.com.br\/en\/wp-json\/wp\/v2\/pages\/2200\/revisions\/2552"}],"up":[{"embeddable":true,"href":"https:\/\/cjselecta.com.br\/en\/wp-json\/wp\/v2\/pages\/2097"}],"wp:attachment":[{"href":"https:\/\/cjselecta.com.br\/en\/wp-json\/wp\/v2\/media?parent=2200"}],"curies":[{"name":"wp","href":"https:\/\/api.w.org\/{rel}","templated":true}]}}