{"id":2131,"date":"2023-03-06T18:36:56","date_gmt":"2023-03-06T21:36:56","guid":{"rendered":"https:\/\/cjselecta.com.br\/qualidade\/"},"modified":"2024-05-14T10:48:21","modified_gmt":"2024-05-14T13:48:21","slug":"qualidade","status":"publish","type":"page","link":"https:\/\/cjselecta.com.br\/en\/qualidade\/","title":{"rendered":"Quality"},"content":{"rendered":"\n<div class=\"wp-block-group\"><div class=\"wp-block-group__inner-container is-layout-constrained wp-block-group-is-layout-constrained\">\n<div style=\"height:50px\" aria-hidden=\"true\" class=\"wp-block-spacer\"><\/div>\n\n\n\n<h2 class=\"wp-block-heading has-text-align-center max-w-[650px] mx-auto has-x-large-font-size\">KNOW THE CJ SELECTA CERTIFICATIONS<\/h2>\n\n\n\n<div class=\"wp-block-columns is-not-stacked-on-mobile is-layout-flex wp-container-core-columns-is-layout-9d6595d7 wp-block-columns-is-layout-flex\">\n<div class=\"wp-block-column is-layout-flow wp-block-column-is-layout-flow\" style=\"flex-basis:15%\"><div class=\"wp-block-image\">\n<figure class=\"aligncenter size-large is-resized\"><img decoding=\"async\" src=\"https:\/\/cjselecta.com.br\/wp-content\/uploads\/2024\/05\/image004.png\" alt=\"\" style=\"aspect-ratio:1.1214953271028036;object-fit:cover;width:120px\"\/><\/figure>\n<\/div><\/div>\n\n\n\n<div class=\"wp-block-column is-layout-flow wp-block-column-is-layout-flow\" style=\"flex-basis:85%\">\n<h2 class=\"wp-block-heading has-medium-font-size\" style=\"font-style:normal;font-weight:700\">GMP+<\/h2>\n\n\n\n<p>GMP (Good Manufacturing Practices or Boas Pr\u00e1ticas de Fabrica\u00e7\u00e3o &#8211; BPF &#8211; in Portuguese) are widely recognized practices in the global means of production for any production process. Since 2012, CJ Selecta works based on the requirements of GMP + B2 and B3, which integrates the forms of ISO and HACCP management. This certification reinforces our guarantees regarding food safety and sustainability in the production of the plant and in the supply chain.<\/p>\n<\/div>\n<\/div>\n\n\n\n<div class=\"wp-block-columns is-not-stacked-on-mobile is-layout-flex wp-container-core-columns-is-layout-9d6595d7 wp-block-columns-is-layout-flex\">\n<div class=\"wp-block-column is-layout-flow wp-block-column-is-layout-flow\" style=\"flex-basis:15%\"><div class=\"wp-block-image\">\n<figure class=\"aligncenter size-full is-resized\"><img decoding=\"async\" width=\"89\" height=\"89\" src=\"https:\/\/cjselecta.com.br\/wp-content\/uploads\/2023\/03\/halal-logo.png\" alt=\"\" class=\"wp-image-405\" style=\"width:120px;height:120px\"\/><\/figure>\n<\/div><\/div>\n\n\n\n<div class=\"wp-block-column is-layout-flow wp-block-column-is-layout-flow\" style=\"flex-basis:85%\">\n<h2 class=\"wp-block-heading has-medium-font-size\" style=\"font-style:normal;font-weight:700\">Halal<\/h2>\n\n\n\n<p>Certification required in the export of food to markets that are governed by specific rules and compliance with Sharia Halal law. We have had this certification since 2015.<\/p>\n<\/div>\n<\/div>\n\n\n\n<div class=\"wp-block-columns is-not-stacked-on-mobile is-layout-flex wp-container-core-columns-is-layout-9d6595d7 wp-block-columns-is-layout-flex\">\n<div class=\"wp-block-column is-layout-flow wp-block-column-is-layout-flow\" style=\"flex-basis:15%\"><div class=\"wp-block-image\">\n<figure class=\"aligncenter size-full is-resized\"><img decoding=\"async\" width=\"100\" height=\"100\" src=\"https:\/\/cjselecta.com.br\/wp-content\/uploads\/2023\/03\/kosher-logo-dourado.png\" alt=\"\" class=\"wp-image-406\" style=\"width:120px;height:120px\"\/><\/figure>\n<\/div><\/div>\n\n\n\n<div class=\"wp-block-column is-layout-flow wp-block-column-is-layout-flow\" style=\"flex-basis:85%\">\n<h2 class=\"wp-block-heading has-medium-font-size\" style=\"font-style:normal;font-weight:700\">Kosher<\/h2>\n\n\n\n<p>Document that attests that the products obey the specific norms that govern the orthodox Jewish diet. We have had this certification since 2015.<\/p>\n<\/div>\n<\/div>\n\n\n\n<div class=\"wp-block-columns is-not-stacked-on-mobile is-layout-flex wp-container-core-columns-is-layout-9d6595d7 wp-block-columns-is-layout-flex\">\n<div class=\"wp-block-column is-layout-flow wp-block-column-is-layout-flow\" style=\"flex-basis:15%\"><div class=\"wp-block-image\">\n<figure class=\"aligncenter size-full is-resized\"><img decoding=\"async\" width=\"77\" height=\"118\" src=\"https:\/\/cjselecta.com.br\/wp-content\/uploads\/2023\/03\/fssc-22000-logo.png\" alt=\"\" class=\"wp-image-402\" style=\"width:120px;height:184px\"\/><\/figure>\n<\/div><\/div>\n\n\n\n<div class=\"wp-block-column is-layout-flow wp-block-column-is-layout-flow\" style=\"flex-basis:85%\">\n<h2 class=\"wp-block-heading has-medium-font-size\" style=\"font-style:normal;font-weight:700\">FSSC 22000<\/h2>\n\n\n\n<p>Since 2018 we have had the seal that guarantees the efficiency in the management of food safety for products in the product line intended for the human food industry.<\/p>\n<\/div>\n<\/div>\n<\/div><\/div>\n\n\n\n<div class=\"wp-block-group\"><div class=\"wp-block-group__inner-container is-layout-constrained wp-block-group-is-layout-constrained\">\n<div style=\"height:10px\" aria-hidden=\"true\" class=\"wp-block-spacer\"><\/div>\n\n\n\n<h2 class=\"wp-block-heading has-text-align-center has-x-large-font-size\">NonGMO Program<\/h2>\n\n\n\n<div class=\"wp-block-columns is-layout-flex wp-container-core-columns-is-layout-9d6595d7 wp-block-columns-is-layout-flex\">\n<div class=\"wp-block-column is-layout-flow wp-block-column-is-layout-flow\" style=\"flex-basis:65%\">\n<p>CJ Selecta is present in the market offering products derived from soybeans, manufactured under strict quality standards.<\/p>\n\n\n\n<p>With a focus on the production of high added value vegetable proteins, through innovative projects CJ Selecta is recognized as one of the main manufacturers of ingredients for the animal feed industry in Brazil and abroad. There are also products derived from soy for the food, chemical and pharmaceutical industries.<\/p>\n<\/div>\n\n\n\n<div class=\"wp-block-column is-layout-flow wp-block-column-is-layout-flow\" style=\"flex-basis:35%\">\n<div class=\"wp-block-columns are-vertically-aligned-center is-not-stacked-on-mobile is-layout-flex wp-container-core-columns-is-layout-9d6595d7 wp-block-columns-is-layout-flex\">\n<div class=\"wp-block-column is-vertically-aligned-center is-layout-flow wp-block-column-is-layout-flow\"><div class=\"wp-block-image\">\n<figure class=\"aligncenter size-large is-resized\"><img loading=\"lazy\" decoding=\"async\" width=\"1\" height=\"1\" src=\"https:\/\/cjselecta.com.br\/wp-content\/uploads\/2023\/03\/non-gmo-leaves-ptbr.svg\" alt=\"\" class=\"wp-image-255\" style=\"width:141px;height:141px\"\/><\/figure>\n<\/div><\/div>\n\n\n\n<div class=\"wp-block-column is-vertically-aligned-center is-layout-flow wp-block-column-is-layout-flow\"><div class=\"wp-block-image\">\n<figure class=\"aligncenter size-full is-resized\"><img loading=\"lazy\" decoding=\"async\" width=\"150\" height=\"67\" src=\"https:\/\/cjselecta.com.br\/wp-content\/uploads\/2023\/03\/sgs-logo.png\" alt=\"\" class=\"wp-image-429\" style=\"width:180px;height:80px\"\/><\/figure>\n<\/div><\/div>\n<\/div>\n<\/div>\n<\/div>\n<\/div><\/div>\n\n\n\n<div class=\"wp-block-group\"><div class=\"wp-block-group__inner-container is-layout-constrained wp-block-group-is-layout-constrained\">\n<div style=\"height:20px\" aria-hidden=\"true\" class=\"wp-block-spacer\"><\/div>\n\n\n\n<h2 class=\"wp-block-heading has-text-align-center max-w-[560px] mx-auto has-x-large-font-size\">CJ SELECTA RECEIVES THE ONLYONE AWARD<\/h2>\n\n\n\n<div class=\"wp-block-columns is-layout-flex wp-container-core-columns-is-layout-9d6595d7 wp-block-columns-is-layout-flex\">\n<div class=\"wp-block-column is-layout-flow wp-block-column-is-layout-flow\" style=\"flex-basis:65%\">\n<p>In 2019, CJ Selecta participated in the CJBio OnlyOne award, an event that brings together all the companies in the world that belong to the CJBio business unit. CJ Selecta presented the project \u201cStrengthening crushing competitiveness through process innovation4\u201d, covering four items: reducing the plant&#8217;s steam consumption, reducing the plant&#8217;s alcohol consumption thanks to the change in layout and a new process engineering, exchange of refinery supplies to make the process safer, improvements in annual plant maintenance to reduce losses due to corrective stops.<\/p>\n\n\n\n<p>The project resulted in a cost reduction that can reach US $ 3.1 million per year and involved the Services and Refinery team at the Araguari plant. At the end of the evaluation by the award judges, the Brazilian project was the best scored in three of the four stages, being chosen as the best of 2019.<\/p>\n<\/div>\n\n\n\n<div class=\"wp-block-column is-layout-flow wp-block-column-is-layout-flow\" style=\"flex-basis:35%\"><div class=\"wp-block-image\">\n<figure class=\"aligncenter size-full\"><img loading=\"lazy\" decoding=\"async\" width=\"283\" height=\"482\" src=\"https:\/\/cjselecta.com.br\/wp-content\/uploads\/2023\/03\/premio-onlyone-e1678320005410.jpeg\" alt=\"\" class=\"wp-image-447\" srcset=\"https:\/\/cjselecta.com.br\/wp-content\/uploads\/2023\/03\/premio-onlyone-e1678320005410.jpeg 283w, https:\/\/cjselecta.com.br\/wp-content\/uploads\/2023\/03\/premio-onlyone-e1678320005410-150x255.jpeg 150w, https:\/\/cjselecta.com.br\/wp-content\/uploads\/2023\/03\/premio-onlyone-e1678320005410-176x300.jpeg 176w\" sizes=\"(max-width: 283px) 100vw, 283px\" \/><\/figure>\n<\/div><\/div>\n<\/div>\n<\/div><\/div>\n\n\n\n<div style=\"height:20px\" aria-hidden=\"true\" class=\"wp-block-spacer\"><\/div>\n","protected":false},"excerpt":{"rendered":"<p>KNOW THE CJ SELECTA CERTIFICATIONS GMP+ GMP (Good Manufacturing Practices or Boas Pr\u00e1ticas de Fabrica\u00e7\u00e3o &#8211; BPF &#8211; in Portuguese) are widely recognized practices in the global means of production for any production process. Since 2012, CJ Selecta works based on the requirements of GMP + B2 and B3, which integrates the forms of ISO [&hellip;]<\/p>\n","protected":false},"author":1,"featured_media":0,"parent":0,"menu_order":53,"comment_status":"closed","ping_status":"closed","template":"","meta":{"inline_featured_image":false,"footnotes":""},"class_list":["post-2131","page","type-page","status-publish","hentry"],"acf":[],"yoast_head":"<!-- This site is optimized with the Yoast SEO plugin v27.2 - https:\/\/yoast.com\/product\/yoast-seo-wordpress\/ -->\n<title>Quality - CJ Selecta<\/title>\n<meta name=\"robots\" content=\"index, follow, max-snippet:-1, max-image-preview:large, max-video-preview:-1\" \/>\n<link rel=\"canonical\" href=\"https:\/\/cjselecta.com.brqualidade\/\" \/>\n<meta property=\"og:locale\" content=\"en_US\" \/>\n<meta property=\"og:type\" content=\"article\" \/>\n<meta property=\"og:title\" content=\"Quality - CJ Selecta\" \/>\n<meta property=\"og:description\" content=\"KNOW THE CJ SELECTA CERTIFICATIONS GMP+ GMP (Good Manufacturing Practices or Boas Pr\u00e1ticas de Fabrica\u00e7\u00e3o &#8211; BPF &#8211; in Portuguese) are widely recognized practices in the global means of production for any production process. Since 2012, CJ Selecta works based on the requirements of GMP + B2 and B3, which integrates the forms of ISO [&hellip;]\" \/>\n<meta property=\"og:url\" content=\"https:\/\/cjselecta.com.brqualidade\/\" \/>\n<meta property=\"og:site_name\" content=\"CJ Selecta\" \/>\n<meta property=\"article:modified_time\" content=\"2024-05-14T13:48:21+00:00\" \/>\n<meta property=\"og:image\" content=\"https:\/\/cjselecta.com.br\/wp-content\/uploads\/2024\/05\/image004.png\" \/>\n<meta name=\"twitter:card\" content=\"summary_large_image\" \/>\n<meta name=\"twitter:label1\" content=\"Est. reading time\" \/>\n\t<meta name=\"twitter:data1\" content=\"4 minutes\" \/>\n<script type=\"application\/ld+json\" class=\"yoast-schema-graph\">{\"@context\":\"https:\/\/schema.org\",\"@graph\":[{\"@type\":\"WebPage\",\"@id\":\"https:\/\/cjselecta.com.brqualidade\/\",\"url\":\"https:\/\/cjselecta.com.brqualidade\/\",\"name\":\"Quality - CJ Selecta\",\"isPartOf\":{\"@id\":\"https:\/\/cjselecta.com.br\/#website\"},\"primaryImageOfPage\":{\"@id\":\"https:\/\/cjselecta.com.brqualidade\/#primaryimage\"},\"image\":{\"@id\":\"https:\/\/cjselecta.com.brqualidade\/#primaryimage\"},\"thumbnailUrl\":\"https:\/\/cjselecta.com.br\/wp-content\/uploads\/2024\/05\/image004.png\",\"datePublished\":\"2023-03-06T21:36:56+00:00\",\"dateModified\":\"2024-05-14T13:48:21+00:00\",\"breadcrumb\":{\"@id\":\"https:\/\/cjselecta.com.brqualidade\/#breadcrumb\"},\"inLanguage\":\"en-US\",\"potentialAction\":[{\"@type\":\"ReadAction\",\"target\":[\"https:\/\/cjselecta.com.brqualidade\/\"]}]},{\"@type\":\"ImageObject\",\"inLanguage\":\"en-US\",\"@id\":\"https:\/\/cjselecta.com.brqualidade\/#primaryimage\",\"url\":\"https:\/\/cjselecta.com.br\/wp-content\/uploads\/2024\/05\/image004.png\",\"contentUrl\":\"https:\/\/cjselecta.com.br\/wp-content\/uploads\/2024\/05\/image004.png\"},{\"@type\":\"BreadcrumbList\",\"@id\":\"https:\/\/cjselecta.com.brqualidade\/#breadcrumb\",\"itemListElement\":[{\"@type\":\"ListItem\",\"position\":1,\"name\":\"Home\",\"item\":\"https:\/\/cjselecta.com.br\/\"},{\"@type\":\"ListItem\",\"position\":2,\"name\":\"Quality\"}]},{\"@type\":\"WebSite\",\"@id\":\"https:\/\/cjselecta.com.br\/#website\",\"url\":\"https:\/\/cjselecta.com.br\/\",\"name\":\"CJ Selecta\",\"description\":\"\",\"publisher\":{\"@id\":\"https:\/\/cjselecta.com.br\/#organization\"},\"potentialAction\":[{\"@type\":\"SearchAction\",\"target\":{\"@type\":\"EntryPoint\",\"urlTemplate\":\"https:\/\/cjselecta.com.br\/?s={search_term_string}\"},\"query-input\":{\"@type\":\"PropertyValueSpecification\",\"valueRequired\":true,\"valueName\":\"search_term_string\"}}],\"inLanguage\":\"en-US\"},{\"@type\":\"Organization\",\"@id\":\"https:\/\/cjselecta.com.br\/#organization\",\"name\":\"CJ Selecta\",\"url\":\"https:\/\/cjselecta.com.br\/\",\"logo\":{\"@type\":\"ImageObject\",\"inLanguage\":\"en-US\",\"@id\":\"https:\/\/cjselecta.com.br\/#\/schema\/logo\/image\/\",\"url\":\"https:\/\/cjselecta.com.br\/wp-content\/uploads\/2023\/04\/cjselecta-logo.svg\",\"contentUrl\":\"https:\/\/cjselecta.com.br\/wp-content\/uploads\/2023\/04\/cjselecta-logo.svg\",\"caption\":\"CJ Selecta\"},\"image\":{\"@id\":\"https:\/\/cjselecta.com.br\/#\/schema\/logo\/image\/\"}}]}<\/script>\n<!-- \/ Yoast SEO plugin. -->","yoast_head_json":{"title":"Quality - CJ Selecta","robots":{"index":"index","follow":"follow","max-snippet":"max-snippet:-1","max-image-preview":"max-image-preview:large","max-video-preview":"max-video-preview:-1"},"canonical":"https:\/\/cjselecta.com.brqualidade\/","og_locale":"en_US","og_type":"article","og_title":"Quality - CJ Selecta","og_description":"KNOW THE CJ SELECTA CERTIFICATIONS GMP+ GMP (Good Manufacturing Practices or Boas Pr\u00e1ticas de Fabrica\u00e7\u00e3o &#8211; BPF &#8211; in Portuguese) are widely recognized practices in the global means of production for any production process. Since 2012, CJ Selecta works based on the requirements of GMP + B2 and B3, which integrates the forms of ISO [&hellip;]","og_url":"https:\/\/cjselecta.com.brqualidade\/","og_site_name":"CJ Selecta","article_modified_time":"2024-05-14T13:48:21+00:00","og_image":[{"url":"https:\/\/cjselecta.com.br\/wp-content\/uploads\/2024\/05\/image004.png","type":"","width":"","height":""}],"twitter_card":"summary_large_image","twitter_misc":{"Est. reading time":"4 minutes"},"schema":{"@context":"https:\/\/schema.org","@graph":[{"@type":"WebPage","@id":"https:\/\/cjselecta.com.brqualidade\/","url":"https:\/\/cjselecta.com.brqualidade\/","name":"Quality - CJ Selecta","isPartOf":{"@id":"https:\/\/cjselecta.com.br\/#website"},"primaryImageOfPage":{"@id":"https:\/\/cjselecta.com.brqualidade\/#primaryimage"},"image":{"@id":"https:\/\/cjselecta.com.brqualidade\/#primaryimage"},"thumbnailUrl":"https:\/\/cjselecta.com.br\/wp-content\/uploads\/2024\/05\/image004.png","datePublished":"2023-03-06T21:36:56+00:00","dateModified":"2024-05-14T13:48:21+00:00","breadcrumb":{"@id":"https:\/\/cjselecta.com.brqualidade\/#breadcrumb"},"inLanguage":"en-US","potentialAction":[{"@type":"ReadAction","target":["https:\/\/cjselecta.com.brqualidade\/"]}]},{"@type":"ImageObject","inLanguage":"en-US","@id":"https:\/\/cjselecta.com.brqualidade\/#primaryimage","url":"https:\/\/cjselecta.com.br\/wp-content\/uploads\/2024\/05\/image004.png","contentUrl":"https:\/\/cjselecta.com.br\/wp-content\/uploads\/2024\/05\/image004.png"},{"@type":"BreadcrumbList","@id":"https:\/\/cjselecta.com.brqualidade\/#breadcrumb","itemListElement":[{"@type":"ListItem","position":1,"name":"Home","item":"https:\/\/cjselecta.com.br\/"},{"@type":"ListItem","position":2,"name":"Quality"}]},{"@type":"WebSite","@id":"https:\/\/cjselecta.com.br\/#website","url":"https:\/\/cjselecta.com.br\/","name":"CJ Selecta","description":"","publisher":{"@id":"https:\/\/cjselecta.com.br\/#organization"},"potentialAction":[{"@type":"SearchAction","target":{"@type":"EntryPoint","urlTemplate":"https:\/\/cjselecta.com.br\/?s={search_term_string}"},"query-input":{"@type":"PropertyValueSpecification","valueRequired":true,"valueName":"search_term_string"}}],"inLanguage":"en-US"},{"@type":"Organization","@id":"https:\/\/cjselecta.com.br\/#organization","name":"CJ Selecta","url":"https:\/\/cjselecta.com.br\/","logo":{"@type":"ImageObject","inLanguage":"en-US","@id":"https:\/\/cjselecta.com.br\/#\/schema\/logo\/image\/","url":"https:\/\/cjselecta.com.br\/wp-content\/uploads\/2023\/04\/cjselecta-logo.svg","contentUrl":"https:\/\/cjselecta.com.br\/wp-content\/uploads\/2023\/04\/cjselecta-logo.svg","caption":"CJ Selecta"},"image":{"@id":"https:\/\/cjselecta.com.br\/#\/schema\/logo\/image\/"}}]}},"_links":{"self":[{"href":"https:\/\/cjselecta.com.br\/en\/wp-json\/wp\/v2\/pages\/2131","targetHints":{"allow":["GET"]}}],"collection":[{"href":"https:\/\/cjselecta.com.br\/en\/wp-json\/wp\/v2\/pages"}],"about":[{"href":"https:\/\/cjselecta.com.br\/en\/wp-json\/wp\/v2\/types\/page"}],"author":[{"embeddable":true,"href":"https:\/\/cjselecta.com.br\/en\/wp-json\/wp\/v2\/users\/1"}],"replies":[{"embeddable":true,"href":"https:\/\/cjselecta.com.br\/en\/wp-json\/wp\/v2\/comments?post=2131"}],"version-history":[{"count":3,"href":"https:\/\/cjselecta.com.br\/en\/wp-json\/wp\/v2\/pages\/2131\/revisions"}],"predecessor-version":[{"id":4765,"href":"https:\/\/cjselecta.com.br\/en\/wp-json\/wp\/v2\/pages\/2131\/revisions\/4765"}],"wp:attachment":[{"href":"https:\/\/cjselecta.com.br\/en\/wp-json\/wp\/v2\/media?parent=2131"}],"curies":[{"name":"wp","href":"https:\/\/api.w.org\/{rel}","templated":true}]}}