{"id":2077,"date":"2023-03-06T18:36:25","date_gmt":"2023-03-06T21:36:25","guid":{"rendered":"https:\/\/cjselecta.com.br\/onde-estamos\/"},"modified":"2024-12-05T12:26:37","modified_gmt":"2024-12-05T15:26:37","slug":"onde-estamos","status":"publish","type":"page","link":"https:\/\/cjselecta.com.br\/en\/onde-estamos\/","title":{"rendered":"Where are we"},"content":{"rendered":"\n<div class=\"wp-block-ps2id-block-target\" id=\"the-factory\"><\/div>\n\n\n\n<div class=\"wp-block-group alignfull has-background\" style=\"background-color:#5c665b\"><div class=\"wp-block-group__inner-container is-layout-constrained wp-block-group-is-layout-constrained\">\n<div style=\"height:60px\" aria-hidden=\"true\" class=\"wp-block-spacer\"><\/div>\n\n\n\n<div class=\"wp-block-columns is-layout-flex wp-container-core-columns-is-layout-9d6595d7 wp-block-columns-is-layout-flex\">\n<div class=\"wp-block-column is-layout-flow wp-block-column-is-layout-flow\" style=\"flex-basis:55%\">\n<h2 class=\"wp-block-heading has-white-color has-text-color has-x-large-font-size\">The factory<\/h2>\n\n\n\n<p class=\"has-white-color has-text-color\" id=\"u15495-2\">Localizada em uma \u00e1rea de mais de 50 hectares na cidade de Araguari (MG) e privilegiada por seus canais de log\u00edstica para a escoa\u00e7\u00e3o de produtos, a unidade operacional da CJ Selecta foi constru\u00edda dentro dos mais altos padr\u00f5es de tecnologia e passa por constantes moderniza\u00e7\u00f5es para se manter com n\u00edveis elevados de qualidade, seguran\u00e7a e efici\u00eancia operacional.<\/p>\n\n\n\n<p class=\"has-white-color has-text-color\" id=\"u15495-4\">Em 2019, no mesmo terreno da planta respons\u00e1vel pelo esmagamento e produ\u00e7\u00e3o dos derivados da soja, foi constru\u00edda uma unidade para processamento do mela\u00e7o de soja e sua transforma\u00e7\u00e3o em fertilizantes especiais, abrindo um novo mercado de atua\u00e7\u00e3o para a companhia no pa\u00eds. Em 2020, foi inaugurada a nova planta para a produ\u00e7\u00e3o de \u00e1lcool tamb\u00e9m tendo como base o mela\u00e7o de soja.<\/p>\n<\/div>\n\n\n\n<div class=\"wp-block-column is-layout-flow wp-block-column-is-layout-flow\" style=\"flex-basis:45%\">\n<div class=\"slider-fotos\">\n  <div id=\"foto-principal\" class=\"foto-principal\">\n    <img fetchpriority=\"high\" decoding=\"async\" width=\"540\" height=\"360\" src=\"https:\/\/cjselecta.com.br\/wp-content\/uploads\/2023\/03\/galeria-8.jpeg\" class=\"attachment-medium_large size-medium_large\" alt=\"\" srcset=\"https:\/\/cjselecta.com.br\/wp-content\/uploads\/2023\/03\/galeria-8.jpeg 540w, https:\/\/cjselecta.com.br\/wp-content\/uploads\/2023\/03\/galeria-8-500x333.jpeg 500w, https:\/\/cjselecta.com.br\/wp-content\/uploads\/2023\/03\/galeria-8-150x100.jpeg 150w\" sizes=\"(max-width: 540px) 100vw, 540px\" \/>  <\/div>\n    <div id=\"miniaturas\" class=\"miniaturas\">\n          <div class=\"item  current\" data-index=\"0\">\n        <img decoding=\"async\" width=\"150\" height=\"100\" src=\"https:\/\/cjselecta.com.br\/wp-content\/uploads\/2023\/03\/galeria-8-150x100.jpeg\" class=\"attachment-thumbnail size-thumbnail\" alt=\"\" srcset=\"https:\/\/cjselecta.com.br\/wp-content\/uploads\/2023\/03\/galeria-8-150x100.jpeg 150w, https:\/\/cjselecta.com.br\/wp-content\/uploads\/2023\/03\/galeria-8-500x333.jpeg 500w, https:\/\/cjselecta.com.br\/wp-content\/uploads\/2023\/03\/galeria-8.jpeg 540w\" sizes=\"(max-width: 150px) 100vw, 150px\" \/>      <\/div>\n          <div class=\"item \" data-index=\"1\">\n        <img decoding=\"async\" width=\"150\" height=\"85\" src=\"https:\/\/cjselecta.com.br\/wp-content\/uploads\/2023\/03\/galeria-7-150x85.jpeg\" class=\"attachment-thumbnail size-thumbnail\" alt=\"\" srcset=\"https:\/\/cjselecta.com.br\/wp-content\/uploads\/2023\/03\/galeria-7-150x85.jpeg 150w, https:\/\/cjselecta.com.br\/wp-content\/uploads\/2023\/03\/galeria-7-500x282.jpeg 500w, https:\/\/cjselecta.com.br\/wp-content\/uploads\/2023\/03\/galeria-7.jpeg 600w\" sizes=\"(max-width: 150px) 100vw, 150px\" \/>      <\/div>\n          <div class=\"item \" data-index=\"2\">\n        <img loading=\"lazy\" decoding=\"async\" width=\"150\" height=\"85\" src=\"https:\/\/cjselecta.com.br\/wp-content\/uploads\/2023\/03\/galeria-6-150x85.jpeg\" class=\"attachment-thumbnail size-thumbnail\" alt=\"\" srcset=\"https:\/\/cjselecta.com.br\/wp-content\/uploads\/2023\/03\/galeria-6-150x85.jpeg 150w, https:\/\/cjselecta.com.br\/wp-content\/uploads\/2023\/03\/galeria-6-500x282.jpeg 500w, https:\/\/cjselecta.com.br\/wp-content\/uploads\/2023\/03\/galeria-6.jpeg 600w\" sizes=\"(max-width: 150px) 100vw, 150px\" \/>      <\/div>\n          <div class=\"item \" data-index=\"3\">\n        <img loading=\"lazy\" decoding=\"async\" width=\"150\" height=\"113\" src=\"https:\/\/cjselecta.com.br\/wp-content\/uploads\/2023\/03\/galeria-5-150x113.jpeg\" class=\"attachment-thumbnail size-thumbnail\" alt=\"\" srcset=\"https:\/\/cjselecta.com.br\/wp-content\/uploads\/2023\/03\/galeria-5-150x113.jpeg 150w, https:\/\/cjselecta.com.br\/wp-content\/uploads\/2023\/03\/galeria-5.jpeg 480w\" sizes=\"(max-width: 150px) 100vw, 150px\" \/>      <\/div>\n          <div class=\"item \" data-index=\"4\">\n        <img loading=\"lazy\" decoding=\"async\" width=\"150\" height=\"100\" src=\"https:\/\/cjselecta.com.br\/wp-content\/uploads\/2023\/03\/galeria-4-150x100.jpeg\" class=\"attachment-thumbnail size-thumbnail\" alt=\"\" srcset=\"https:\/\/cjselecta.com.br\/wp-content\/uploads\/2023\/03\/galeria-4-150x100.jpeg 150w, https:\/\/cjselecta.com.br\/wp-content\/uploads\/2023\/03\/galeria-4-500x333.jpeg 500w, https:\/\/cjselecta.com.br\/wp-content\/uploads\/2023\/03\/galeria-4.jpeg 540w\" sizes=\"(max-width: 150px) 100vw, 150px\" \/>      <\/div>\n          <div class=\"item \" data-index=\"5\">\n        <img loading=\"lazy\" decoding=\"async\" width=\"150\" height=\"100\" src=\"https:\/\/cjselecta.com.br\/wp-content\/uploads\/2023\/03\/galeria-3-150x100.jpeg\" class=\"attachment-thumbnail size-thumbnail\" alt=\"\" srcset=\"https:\/\/cjselecta.com.br\/wp-content\/uploads\/2023\/03\/galeria-3-150x100.jpeg 150w, https:\/\/cjselecta.com.br\/wp-content\/uploads\/2023\/03\/galeria-3-500x333.jpeg 500w, https:\/\/cjselecta.com.br\/wp-content\/uploads\/2023\/03\/galeria-3.jpeg 540w\" sizes=\"(max-width: 150px) 100vw, 150px\" \/>      <\/div>\n          <div class=\"item \" data-index=\"6\">\n        <img loading=\"lazy\" decoding=\"async\" width=\"150\" height=\"113\" src=\"https:\/\/cjselecta.com.br\/wp-content\/uploads\/2023\/03\/galeria-2-150x113.jpeg\" class=\"attachment-thumbnail size-thumbnail\" alt=\"\" srcset=\"https:\/\/cjselecta.com.br\/wp-content\/uploads\/2023\/03\/galeria-2-150x113.jpeg 150w, https:\/\/cjselecta.com.br\/wp-content\/uploads\/2023\/03\/galeria-2.jpeg 480w\" sizes=\"(max-width: 150px) 100vw, 150px\" \/>      <\/div>\n          <div class=\"item \" data-index=\"7\">\n        <img loading=\"lazy\" decoding=\"async\" width=\"150\" height=\"113\" src=\"https:\/\/cjselecta.com.br\/wp-content\/uploads\/2023\/03\/galeria-1-150x113.jpeg\" class=\"attachment-thumbnail size-thumbnail\" alt=\"\" srcset=\"https:\/\/cjselecta.com.br\/wp-content\/uploads\/2023\/03\/galeria-1-150x113.jpeg 150w, https:\/\/cjselecta.com.br\/wp-content\/uploads\/2023\/03\/galeria-1.jpeg 480w\" sizes=\"(max-width: 150px) 100vw, 150px\" \/>      <\/div>\n      <\/div>\n  <\/div>\n\n\n<script>\n  const images = [];\n  const fotoPrincipal = document.getElementById('foto-principal');\n  const miniaturasEl = document.getElementById('miniaturas');\n  const miniaturas = document.querySelectorAll('.miniaturas .item');\n  var current = 0;\n  \n      images.push('<img fetchpriority=\"high\" decoding=\"async\" width=\"540\" height=\"360\" src=\"https:\/\/cjselecta.com.br\/wp-content\/uploads\/2023\/03\/galeria-8.jpeg\" class=\"attachment-medium_large size-medium_large\" alt=\"\" srcset=\"https:\/\/cjselecta.com.br\/wp-content\/uploads\/2023\/03\/galeria-8.jpeg 540w, https:\/\/cjselecta.com.br\/wp-content\/uploads\/2023\/03\/galeria-8-500x333.jpeg 500w, https:\/\/cjselecta.com.br\/wp-content\/uploads\/2023\/03\/galeria-8-150x100.jpeg 150w\" sizes=\"(max-width: 540px) 100vw, 540px\" \/>');\n      images.push('<img loading=\"lazy\" decoding=\"async\" width=\"600\" height=\"338\" src=\"https:\/\/cjselecta.com.br\/wp-content\/uploads\/2023\/03\/galeria-7.jpeg\" class=\"attachment-medium_large size-medium_large\" alt=\"\" srcset=\"https:\/\/cjselecta.com.br\/wp-content\/uploads\/2023\/03\/galeria-7.jpeg 600w, https:\/\/cjselecta.com.br\/wp-content\/uploads\/2023\/03\/galeria-7-500x282.jpeg 500w, https:\/\/cjselecta.com.br\/wp-content\/uploads\/2023\/03\/galeria-7-150x85.jpeg 150w\" sizes=\"(max-width: 600px) 100vw, 600px\" \/>');\n      images.push('<img loading=\"lazy\" decoding=\"async\" width=\"600\" height=\"338\" src=\"https:\/\/cjselecta.com.br\/wp-content\/uploads\/2023\/03\/galeria-6.jpeg\" class=\"attachment-medium_large size-medium_large\" alt=\"\" srcset=\"https:\/\/cjselecta.com.br\/wp-content\/uploads\/2023\/03\/galeria-6.jpeg 600w, https:\/\/cjselecta.com.br\/wp-content\/uploads\/2023\/03\/galeria-6-500x282.jpeg 500w, https:\/\/cjselecta.com.br\/wp-content\/uploads\/2023\/03\/galeria-6-150x85.jpeg 150w\" sizes=\"(max-width: 600px) 100vw, 600px\" \/>');\n      images.push('<img loading=\"lazy\" decoding=\"async\" width=\"480\" height=\"360\" src=\"https:\/\/cjselecta.com.br\/wp-content\/uploads\/2023\/03\/galeria-5.jpeg\" class=\"attachment-medium_large size-medium_large\" alt=\"\" srcset=\"https:\/\/cjselecta.com.br\/wp-content\/uploads\/2023\/03\/galeria-5.jpeg 480w, https:\/\/cjselecta.com.br\/wp-content\/uploads\/2023\/03\/galeria-5-150x113.jpeg 150w\" sizes=\"(max-width: 480px) 100vw, 480px\" \/>');\n      images.push('<img loading=\"lazy\" decoding=\"async\" width=\"540\" height=\"360\" src=\"https:\/\/cjselecta.com.br\/wp-content\/uploads\/2023\/03\/galeria-4.jpeg\" class=\"attachment-medium_large size-medium_large\" alt=\"\" srcset=\"https:\/\/cjselecta.com.br\/wp-content\/uploads\/2023\/03\/galeria-4.jpeg 540w, https:\/\/cjselecta.com.br\/wp-content\/uploads\/2023\/03\/galeria-4-500x333.jpeg 500w, https:\/\/cjselecta.com.br\/wp-content\/uploads\/2023\/03\/galeria-4-150x100.jpeg 150w\" sizes=\"(max-width: 540px) 100vw, 540px\" \/>');\n      images.push('<img loading=\"lazy\" decoding=\"async\" width=\"540\" height=\"360\" src=\"https:\/\/cjselecta.com.br\/wp-content\/uploads\/2023\/03\/galeria-3.jpeg\" class=\"attachment-medium_large size-medium_large\" alt=\"\" srcset=\"https:\/\/cjselecta.com.br\/wp-content\/uploads\/2023\/03\/galeria-3.jpeg 540w, https:\/\/cjselecta.com.br\/wp-content\/uploads\/2023\/03\/galeria-3-500x333.jpeg 500w, https:\/\/cjselecta.com.br\/wp-content\/uploads\/2023\/03\/galeria-3-150x100.jpeg 150w\" sizes=\"(max-width: 540px) 100vw, 540px\" \/>');\n      images.push('<img loading=\"lazy\" decoding=\"async\" width=\"480\" height=\"360\" src=\"https:\/\/cjselecta.com.br\/wp-content\/uploads\/2023\/03\/galeria-2.jpeg\" class=\"attachment-medium_large size-medium_large\" alt=\"\" srcset=\"https:\/\/cjselecta.com.br\/wp-content\/uploads\/2023\/03\/galeria-2.jpeg 480w, https:\/\/cjselecta.com.br\/wp-content\/uploads\/2023\/03\/galeria-2-150x113.jpeg 150w\" sizes=\"(max-width: 480px) 100vw, 480px\" \/>');\n      images.push('<img loading=\"lazy\" decoding=\"async\" width=\"480\" height=\"360\" src=\"https:\/\/cjselecta.com.br\/wp-content\/uploads\/2023\/03\/galeria-1.jpeg\" class=\"attachment-medium_large size-medium_large\" alt=\"\" srcset=\"https:\/\/cjselecta.com.br\/wp-content\/uploads\/2023\/03\/galeria-1.jpeg 480w, https:\/\/cjselecta.com.br\/wp-content\/uploads\/2023\/03\/galeria-1-150x113.jpeg 150w\" sizes=\"(max-width: 480px) 100vw, 480px\" \/>');\n  \n  for(item of miniaturas) {\n    const index = item.dataset.index;\n    item.addEventListener('click', function(event) {\n      changeImage(index);\n    })\n  }\n\n  function changeImage(index) {\n    if(index == current) return;\n    if(index) {\n      current = index;\n    }\n    else {\n      if(current == (images.length -1)) {\n        current = 0;\n      }\n      else {\n        current++\n      } \n    }\n    fotoPrincipal.innerHTML = images[current];\n    miniaturasEl.querySelector('.current').classList.remove('current');\n    miniaturasEl.querySelector(`[data-index=\"${current}\"]`).classList.add('current');\n  }\n\n  setInterval(() => changeImage(), 4000);\n<\/script><\/div>\n<\/div>\n\n\n\n<div style=\"height:50px\" aria-hidden=\"true\" class=\"wp-block-spacer\"><\/div>\n<\/div><\/div>\n\n\n\n<div class=\"wp-block-group\"><div class=\"wp-block-group__inner-container is-layout-constrained wp-block-group-is-layout-constrained\">\n<div style=\"height:30px\" aria-hidden=\"true\" class=\"wp-block-spacer\"><\/div>\n\n\n\n<figure class=\"wp-block-video alignwide\"><video height=\"1080\" style=\"aspect-ratio: 1920 \/ 1080;\" width=\"1920\" autoplay loop muted src=\"https:\/\/cjselecta.com.br\/wp-content\/uploads\/2023\/03\/onde-estamos-video-fabrica.mp4\" playsinline><\/video><\/figure>\n\n\n\n<div class=\"wp-block-columns is-layout-flex wp-container-core-columns-is-layout-9d6595d7 wp-block-columns-is-layout-flex\">\n<div class=\"wp-block-column is-layout-flow wp-block-column-is-layout-flow\" style=\"flex-basis:30%\"><div class=\"wp-block-image\">\n<figure class=\"aligncenter size-large is-resized\"><img decoding=\"async\" src=\"https:\/\/cjselecta.com.br\/wp-content\/uploads\/2023\/03\/laboratorio-icon.svg\" alt=\"\" class=\"wp-image-660\" style=\"width:209px;height:208px\"\/><\/figure>\n<\/div><\/div>\n\n\n\n<div class=\"wp-block-column is-layout-flow wp-block-column-is-layout-flow\" style=\"flex-basis:70%\">\n<h2 class=\"wp-block-heading has-large-font-size\" style=\"font-style:normal;font-weight:700\">Own Laboratory<\/h2>\n\n\n\n<p>Own laboratory with knowledge exchange with the group&#8217;s holding company, in South Korea.<\/p>\n\n\n\n<p>We have adopted an extensive internal quality program, with a team of employees from the Quality Assurance Department and certifications that ensure that products and services are within the standards required internationally.<\/p>\n\n\n\n<div class=\"wp-block-stackable-button-group stk-block-button-group stk-block stk-7efc9e9\" data-block-id=\"7efc9e9\"><div class=\"stk-row stk-inner-blocks has-text-align-left stk-block-content stk-button-group\">\n<div class=\"wp-block-stackable-button stk-block-button stk-block stk-318d984\" data-block-id=\"318d984\"><style>.stk-318d984 .stk-button{padding-top:8px !important;padding-right:40px !important;padding-bottom:8px !important;padding-left:40px !important;background:#5a665a !important}.stk-318d984 .stk-button:hover:after{background:#06aa54 !important;opacity:1 !important}.stk-318d984 .stk-button__inner-text{color:#ffffff !important;font-weight:bold !important}.stk-318d984 .stk-button:hover .stk-button__inner-text{color:#ffffff !important}<\/style><a class=\"stk-link stk-button stk--hover-effect-darken\" href=\"https:\/\/cjselecta.com.br\/en\/qualidade\/\" rel=\"noreferrer noopener\"><span class=\"has-text-color stk-button__inner-text\">Saiba mais!<\/span><\/a><\/div>\n<\/div><\/div>\n<\/div>\n<\/div>\n<\/div><\/div>\n\n\n\n<div class=\"wp-block-ps2id-block-target\" id=\"where-are-we\"><\/div>\n\n\n\n<div class=\"wp-block-group alignfull has-background\" style=\"background-color:#e5ebe6\"><div class=\"wp-block-group__inner-container is-layout-constrained wp-block-group-is-layout-constrained\">\n<div style=\"height:60px\" aria-hidden=\"true\" class=\"wp-block-spacer\"><\/div>\n\n\n\n<h2 class=\"wp-block-heading has-text-align-center has-x-large-font-size\">Where are we<\/h2>\n\n\n\n<div style=\"height:20px\" aria-hidden=\"true\" class=\"wp-block-spacer\"><\/div>\n\n\n\n<h2 class=\"wp-block-heading has-text-align-center has-large-font-size\" style=\"font-style:normal;font-weight:700\">In Brazil<\/h2>\n\n\n\n<div class=\"wp-block-stackable-image stk-block-image stk-block stk-b63131f\" data-block-id=\"b63131f\"><style>.stk-b63131f .stk-img-wrapper{width:50% !important}<\/style><figure><span class=\"stk-img-wrapper stk-image--shape-stretch\"><img loading=\"lazy\" decoding=\"async\" class=\"stk-img wp-image-5992\" src=\"https:\/\/cjselecta.com.br\/wp-content\/uploads\/2024\/12\/ondeestamosen.png\" width=\"2866\" height=\"2414\" srcset=\"https:\/\/cjselecta.com.br\/wp-content\/uploads\/2024\/12\/ondeestamosen.png 2866w, https:\/\/cjselecta.com.br\/wp-content\/uploads\/2024\/12\/ondeestamosen-500x421.png 500w, https:\/\/cjselecta.com.br\/wp-content\/uploads\/2024\/12\/ondeestamosen-1100x927.png 1100w, https:\/\/cjselecta.com.br\/wp-content\/uploads\/2024\/12\/ondeestamosen-150x126.png 150w, https:\/\/cjselecta.com.br\/wp-content\/uploads\/2024\/12\/ondeestamosen-768x647.png 768w, https:\/\/cjselecta.com.br\/wp-content\/uploads\/2024\/12\/ondeestamosen-1536x1294.png 1536w, https:\/\/cjselecta.com.br\/wp-content\/uploads\/2024\/12\/ondeestamosen-2048x1725.png 2048w, https:\/\/cjselecta.com.br\/wp-content\/uploads\/2024\/12\/ondeestamosen-1920x1617.png 1920w\" sizes=\"(max-width: 2866px) 100vw, 2866px\" \/><\/span><\/figure><\/div>\n\n\n\n<div style=\"height:50px\" aria-hidden=\"true\" class=\"wp-block-spacer\"><\/div>\n\n\n\n<h2 class=\"wp-block-heading has-text-align-center has-large-font-size\" style=\"font-style:normal;font-weight:700\">World<\/h2>\n\n\n<div class=\"wp-block-image\">\n<figure class=\"aligncenter size-large is-resized\"><img decoding=\"async\" src=\"https:\/\/cjselecta.com.br\/wp-content\/uploads\/2023\/04\/onde-estamos-mundo-en.svg\" alt=\"\" class=\"wp-image-2090\" style=\"width:1100px;height:608px\"\/><\/figure>\n<\/div>\n\n\n<div style=\"height:60px\" aria-hidden=\"true\" class=\"wp-block-spacer\"><\/div>\n<\/div><\/div>\n","protected":false},"excerpt":{"rendered":"<p>The factory Localizada em uma \u00e1rea de mais de 50 hectares na cidade de Araguari (MG) e privilegiada por seus canais de log\u00edstica para a escoa\u00e7\u00e3o de produtos, a unidade operacional da CJ Selecta foi constru\u00edda dentro dos mais altos padr\u00f5es de tecnologia e passa por constantes moderniza\u00e7\u00f5es para se manter com n\u00edveis elevados de [&hellip;]<\/p>\n","protected":false},"author":1,"featured_media":0,"parent":0,"menu_order":9,"comment_status":"closed","ping_status":"closed","template":"","meta":{"inline_featured_image":false,"footnotes":""},"class_list":["post-2077","page","type-page","status-publish","hentry"],"acf":[],"yoast_head":"<!-- This site is optimized with the Yoast SEO plugin v27.2 - https:\/\/yoast.com\/product\/yoast-seo-wordpress\/ -->\n<title>Where are we - CJ Selecta<\/title>\n<meta name=\"robots\" content=\"index, follow, max-snippet:-1, max-image-preview:large, max-video-preview:-1\" \/>\n<link rel=\"canonical\" href=\"https:\/\/cjselecta.com.bronde-estamos\/\" \/>\n<meta property=\"og:locale\" content=\"en_US\" \/>\n<meta property=\"og:type\" content=\"article\" \/>\n<meta property=\"og:title\" content=\"Where are we - CJ Selecta\" \/>\n<meta property=\"og:description\" content=\"The factory Localizada em uma \u00e1rea de mais de 50 hectares na cidade de Araguari (MG) e privilegiada por seus canais de log\u00edstica para a escoa\u00e7\u00e3o de produtos, a unidade operacional da CJ Selecta foi constru\u00edda dentro dos mais altos padr\u00f5es de tecnologia e passa por constantes moderniza\u00e7\u00f5es para se manter com n\u00edveis elevados de [&hellip;]\" \/>\n<meta property=\"og:url\" content=\"https:\/\/cjselecta.com.bronde-estamos\/\" \/>\n<meta property=\"og:site_name\" content=\"CJ Selecta\" \/>\n<meta property=\"article:modified_time\" content=\"2024-12-05T15:26:37+00:00\" \/>\n<meta property=\"og:image\" content=\"https:\/\/cjselecta.com.br\/wp-content\/uploads\/2023\/03\/laboratorio-icon.svg\" \/>\n<meta name=\"twitter:card\" content=\"summary_large_image\" \/>\n<meta name=\"twitter:label1\" content=\"Est. reading time\" \/>\n\t<meta name=\"twitter:data1\" content=\"2 minutes\" \/>\n<script type=\"application\/ld+json\" class=\"yoast-schema-graph\">{\"@context\":\"https:\/\/schema.org\",\"@graph\":[{\"@type\":\"WebPage\",\"@id\":\"https:\/\/cjselecta.com.bronde-estamos\/\",\"url\":\"https:\/\/cjselecta.com.bronde-estamos\/\",\"name\":\"Where are we - CJ Selecta\",\"isPartOf\":{\"@id\":\"https:\/\/cjselecta.com.br\/#website\"},\"primaryImageOfPage\":{\"@id\":\"https:\/\/cjselecta.com.bronde-estamos\/#primaryimage\"},\"image\":{\"@id\":\"https:\/\/cjselecta.com.bronde-estamos\/#primaryimage\"},\"thumbnailUrl\":\"https:\/\/cjselecta.com.br\/wp-content\/uploads\/2023\/03\/laboratorio-icon.svg\",\"datePublished\":\"2023-03-06T21:36:25+00:00\",\"dateModified\":\"2024-12-05T15:26:37+00:00\",\"breadcrumb\":{\"@id\":\"https:\/\/cjselecta.com.bronde-estamos\/#breadcrumb\"},\"inLanguage\":\"en-US\",\"potentialAction\":[{\"@type\":\"ReadAction\",\"target\":[\"https:\/\/cjselecta.com.bronde-estamos\/\"]}]},{\"@type\":\"ImageObject\",\"inLanguage\":\"en-US\",\"@id\":\"https:\/\/cjselecta.com.bronde-estamos\/#primaryimage\",\"url\":\"https:\/\/cjselecta.com.br\/wp-content\/uploads\/2023\/03\/laboratorio-icon.svg\",\"contentUrl\":\"https:\/\/cjselecta.com.br\/wp-content\/uploads\/2023\/03\/laboratorio-icon.svg\"},{\"@type\":\"BreadcrumbList\",\"@id\":\"https:\/\/cjselecta.com.bronde-estamos\/#breadcrumb\",\"itemListElement\":[{\"@type\":\"ListItem\",\"position\":1,\"name\":\"Home\",\"item\":\"https:\/\/cjselecta.com.br\/\"},{\"@type\":\"ListItem\",\"position\":2,\"name\":\"Where are we\"}]},{\"@type\":\"WebSite\",\"@id\":\"https:\/\/cjselecta.com.br\/#website\",\"url\":\"https:\/\/cjselecta.com.br\/\",\"name\":\"CJ Selecta\",\"description\":\"\",\"publisher\":{\"@id\":\"https:\/\/cjselecta.com.br\/#organization\"},\"potentialAction\":[{\"@type\":\"SearchAction\",\"target\":{\"@type\":\"EntryPoint\",\"urlTemplate\":\"https:\/\/cjselecta.com.br\/?s={search_term_string}\"},\"query-input\":{\"@type\":\"PropertyValueSpecification\",\"valueRequired\":true,\"valueName\":\"search_term_string\"}}],\"inLanguage\":\"en-US\"},{\"@type\":\"Organization\",\"@id\":\"https:\/\/cjselecta.com.br\/#organization\",\"name\":\"CJ Selecta\",\"url\":\"https:\/\/cjselecta.com.br\/\",\"logo\":{\"@type\":\"ImageObject\",\"inLanguage\":\"en-US\",\"@id\":\"https:\/\/cjselecta.com.br\/#\/schema\/logo\/image\/\",\"url\":\"https:\/\/cjselecta.com.br\/wp-content\/uploads\/2023\/04\/cjselecta-logo.svg\",\"contentUrl\":\"https:\/\/cjselecta.com.br\/wp-content\/uploads\/2023\/04\/cjselecta-logo.svg\",\"caption\":\"CJ Selecta\"},\"image\":{\"@id\":\"https:\/\/cjselecta.com.br\/#\/schema\/logo\/image\/\"}}]}<\/script>\n<!-- \/ Yoast SEO plugin. -->","yoast_head_json":{"title":"Where are we - CJ Selecta","robots":{"index":"index","follow":"follow","max-snippet":"max-snippet:-1","max-image-preview":"max-image-preview:large","max-video-preview":"max-video-preview:-1"},"canonical":"https:\/\/cjselecta.com.bronde-estamos\/","og_locale":"en_US","og_type":"article","og_title":"Where are we - CJ Selecta","og_description":"The factory Localizada em uma \u00e1rea de mais de 50 hectares na cidade de Araguari (MG) e privilegiada por seus canais de log\u00edstica para a escoa\u00e7\u00e3o de produtos, a unidade operacional da CJ Selecta foi constru\u00edda dentro dos mais altos padr\u00f5es de tecnologia e passa por constantes moderniza\u00e7\u00f5es para se manter com n\u00edveis elevados de [&hellip;]","og_url":"https:\/\/cjselecta.com.bronde-estamos\/","og_site_name":"CJ Selecta","article_modified_time":"2024-12-05T15:26:37+00:00","og_image":[{"url":"https:\/\/cjselecta.com.br\/wp-content\/uploads\/2023\/03\/laboratorio-icon.svg","type":"","width":"","height":""}],"twitter_card":"summary_large_image","twitter_misc":{"Est. reading time":"2 minutes"},"schema":{"@context":"https:\/\/schema.org","@graph":[{"@type":"WebPage","@id":"https:\/\/cjselecta.com.bronde-estamos\/","url":"https:\/\/cjselecta.com.bronde-estamos\/","name":"Where are we - CJ Selecta","isPartOf":{"@id":"https:\/\/cjselecta.com.br\/#website"},"primaryImageOfPage":{"@id":"https:\/\/cjselecta.com.bronde-estamos\/#primaryimage"},"image":{"@id":"https:\/\/cjselecta.com.bronde-estamos\/#primaryimage"},"thumbnailUrl":"https:\/\/cjselecta.com.br\/wp-content\/uploads\/2023\/03\/laboratorio-icon.svg","datePublished":"2023-03-06T21:36:25+00:00","dateModified":"2024-12-05T15:26:37+00:00","breadcrumb":{"@id":"https:\/\/cjselecta.com.bronde-estamos\/#breadcrumb"},"inLanguage":"en-US","potentialAction":[{"@type":"ReadAction","target":["https:\/\/cjselecta.com.bronde-estamos\/"]}]},{"@type":"ImageObject","inLanguage":"en-US","@id":"https:\/\/cjselecta.com.bronde-estamos\/#primaryimage","url":"https:\/\/cjselecta.com.br\/wp-content\/uploads\/2023\/03\/laboratorio-icon.svg","contentUrl":"https:\/\/cjselecta.com.br\/wp-content\/uploads\/2023\/03\/laboratorio-icon.svg"},{"@type":"BreadcrumbList","@id":"https:\/\/cjselecta.com.bronde-estamos\/#breadcrumb","itemListElement":[{"@type":"ListItem","position":1,"name":"Home","item":"https:\/\/cjselecta.com.br\/"},{"@type":"ListItem","position":2,"name":"Where are we"}]},{"@type":"WebSite","@id":"https:\/\/cjselecta.com.br\/#website","url":"https:\/\/cjselecta.com.br\/","name":"CJ Selecta","description":"","publisher":{"@id":"https:\/\/cjselecta.com.br\/#organization"},"potentialAction":[{"@type":"SearchAction","target":{"@type":"EntryPoint","urlTemplate":"https:\/\/cjselecta.com.br\/?s={search_term_string}"},"query-input":{"@type":"PropertyValueSpecification","valueRequired":true,"valueName":"search_term_string"}}],"inLanguage":"en-US"},{"@type":"Organization","@id":"https:\/\/cjselecta.com.br\/#organization","name":"CJ Selecta","url":"https:\/\/cjselecta.com.br\/","logo":{"@type":"ImageObject","inLanguage":"en-US","@id":"https:\/\/cjselecta.com.br\/#\/schema\/logo\/image\/","url":"https:\/\/cjselecta.com.br\/wp-content\/uploads\/2023\/04\/cjselecta-logo.svg","contentUrl":"https:\/\/cjselecta.com.br\/wp-content\/uploads\/2023\/04\/cjselecta-logo.svg","caption":"CJ Selecta"},"image":{"@id":"https:\/\/cjselecta.com.br\/#\/schema\/logo\/image\/"}}]}},"_links":{"self":[{"href":"https:\/\/cjselecta.com.br\/en\/wp-json\/wp\/v2\/pages\/2077","targetHints":{"allow":["GET"]}}],"collection":[{"href":"https:\/\/cjselecta.com.br\/en\/wp-json\/wp\/v2\/pages"}],"about":[{"href":"https:\/\/cjselecta.com.br\/en\/wp-json\/wp\/v2\/types\/page"}],"author":[{"embeddable":true,"href":"https:\/\/cjselecta.com.br\/en\/wp-json\/wp\/v2\/users\/1"}],"replies":[{"embeddable":true,"href":"https:\/\/cjselecta.com.br\/en\/wp-json\/wp\/v2\/comments?post=2077"}],"version-history":[{"count":14,"href":"https:\/\/cjselecta.com.br\/en\/wp-json\/wp\/v2\/pages\/2077\/revisions"}],"predecessor-version":[{"id":5997,"href":"https:\/\/cjselecta.com.br\/en\/wp-json\/wp\/v2\/pages\/2077\/revisions\/5997"}],"wp:attachment":[{"href":"https:\/\/cjselecta.com.br\/en\/wp-json\/wp\/v2\/media?parent=2077"}],"curies":[{"name":"wp","href":"https:\/\/api.w.org\/{rel}","templated":true}]}}